{"id":11286,"date":"2026-01-06T16:05:43","date_gmt":"2026-01-06T16:05:43","guid":{"rendered":"https:\/\/physio-waidfuss.ch\/?page_id=11286"},"modified":"2026-01-07T17:43:16","modified_gmt":"2026-01-07T17:43:16","slug":"our-equipment","status":"publish","type":"page","link":"https:\/\/physio-waidfuss.ch\/en\/unsere-ausstattung\/","title":{"rendered":"Our equipment"},"content":{"rendered":"<div id=\"pl-11286\"  class=\"panel-layout\" ><div id=\"pg-11286-0\"  class=\"panel-grid panel-no-style\" ><div id=\"pgc-11286-0-0\"  class=\"panel-grid-cell\" ><div id=\"panel-11286-0-0-0\" class=\"so-panel widget widget_sow-editor panel-first-child panel-last-child\" data-index=\"0\" ><div\n\t\t\t\n\t\t\tclass=\"so-widget-sow-editor so-widget-sow-editor-base\"\n\t\t\t\n\t\t><h3 class=\"widget-title\">Our equipment<\/h3>\n<div class=\"siteorigin-widget-tinymce textwidget\">\n\t<p><strong>At Physio Waidfuss, therapy does not end on the couch<\/strong>. We combine traditional manual work with state-of-the-art measurement technology and functional training infrastructure. Our aim is not only to keep you pain-free, but also to ensure that you are fully resilient - whether for top-class sport or pain-free everyday life. In Zurich Wipkingen, we provide you with an infrastructure that combines safety with progress.<\/p>\n<h2><\/h2>\n<\/div>\n<\/div><\/div><\/div><\/div><div id=\"pg-11286-1\"  class=\"panel-grid panel-no-style\" ><div id=\"pgc-11286-1-0\"  class=\"panel-grid-cell\" ><div id=\"panel-11286-1-0-0\" class=\"so-panel widget widget_qt_feature_page widget-featured-page panel-first-child panel-last-child\" data-index=\"1\" >\n\t\t\t<div class=\"featured-page\">\n\t\t\t\t\t\t\t\t\t<div class=\"featured-page--image\">\n\t\t\t\t\t\t<a href=\"https:\/\/physio-waidfuss.ch\/en\/ergometer\/\">\n\t\t\t\t\t\t\t<img decoding=\"async\" width=\"360\" height=\"240\" src=\"https:\/\/physio-waidfuss.ch\/wp-content\/uploads\/2026\/01\/IMG_8013-360x240.jpg\" class=\"attachment-physio-qt-featured-s size-physio-qt-featured-s\" alt=\"The TechnoGym ergometer The early start for your knee and hip\" srcset=\"https:\/\/physio-waidfuss.ch\/wp-content\/uploads\/2026\/01\/IMG_8013-360x240.jpg 360w, https:\/\/physio-waidfuss.ch\/wp-content\/uploads\/2026\/01\/IMG_8013-272x182.jpg 272w\" sizes=\"(min-width: 781px) 360px, calc(100vw - 30px)\" \/>\t\t\t\t\t\t\t<div class=\"featured-page--overlay\">\n\t\t\t\t\t\t\t\t\t\t\t\t\t\t\t\t\t<div class=\"overlay--center\">\n\t\t\t\t\t\t\t\t\t\t<span>Learn more<\/span>\n\t\t\t\t\t\t\t\t\t<\/div>\n\t\t\t\t\t\t\t\t\t\t\t\t\t\t\t<\/div>\n\t\t\t\t\t\t<\/a>\n\t\t\t\t\t<\/div>\n\t\t\t\t\t\t\t\t<div class=\"featured-page--content\">\n\t\t\t\t\t<h4 class=\"featued-page--title\">\n\t\t\t\t\t\t<a href=\"https:\/\/physio-waidfuss.ch\/en\/ergometer\/\">The \"game changer\" ergometer<\/a>\n\t\t\t\t\t<\/h4>\n\t\t\t\t\t\t\t\t\t\t\t<p>&nbsp;\n&nbsp;\n \n\n\nCycling despite knee restrictions: our Technogym special ergometer\n\n\tErgometer with adjustable crank\nAfter a knee or hip operation...<\/p>\n\t\t\t\t\t\t\t\t\t\t\t\t\t\t\t\t<a href=\"https:\/\/physio-waidfuss.ch\/en\/ergometer\/\" class=\"text-link\">Learn more<\/a>\n\t\t\t\t\t\t\t\t\t<\/div>\n\t\t\t<\/div>\n\n\t\t\t<\/div><\/div><div id=\"pgc-11286-1-1\"  class=\"panel-grid-cell\" ><div id=\"panel-11286-1-1-0\" class=\"so-panel widget widget_qt_feature_page widget-featured-page panel-first-child panel-last-child\" data-index=\"2\" >\n\t\t\t<div class=\"featured-page\">\n\t\t\t\t\t\t\t\t\t<div class=\"featured-page--image\">\n\t\t\t\t\t\t<a href=\"https:\/\/physio-waidfuss.ch\/en\/kraftmessung\/\">\n\t\t\t\t\t\t\t<img decoding=\"async\" width=\"360\" height=\"240\" src=\"https:\/\/physio-waidfuss.ch\/wp-content\/uploads\/2025\/02\/Kraftmessung_Physiotherapie_Wipkingen-scaled-e1739478012746-360x240.jpg\" class=\"attachment-physio-qt-featured-s size-physio-qt-featured-s\" alt=\"Strength measurement, physiotherapy Measuring success\" srcset=\"https:\/\/physio-waidfuss.ch\/wp-content\/uploads\/2025\/02\/Kraftmessung_Physiotherapie_Wipkingen-scaled-e1739478012746-360x240.jpg 360w, https:\/\/physio-waidfuss.ch\/wp-content\/uploads\/2025\/02\/Kraftmessung_Physiotherapie_Wipkingen-scaled-e1739478012746-300x200.jpg 300w, https:\/\/physio-waidfuss.ch\/wp-content\/uploads\/2025\/02\/Kraftmessung_Physiotherapie_Wipkingen-scaled-e1739478012746-1024x684.jpg 1024w, https:\/\/physio-waidfuss.ch\/wp-content\/uploads\/2025\/02\/Kraftmessung_Physiotherapie_Wipkingen-scaled-e1739478012746-768x513.jpg 768w, https:\/\/physio-waidfuss.ch\/wp-content\/uploads\/2025\/02\/Kraftmessung_Physiotherapie_Wipkingen-scaled-e1739478012746-1536x1026.jpg 1536w, https:\/\/physio-waidfuss.ch\/wp-content\/uploads\/2025\/02\/Kraftmessung_Physiotherapie_Wipkingen-scaled-e1739478012746-2048x1369.jpg 2048w, https:\/\/physio-waidfuss.ch\/wp-content\/uploads\/2025\/02\/Kraftmessung_Physiotherapie_Wipkingen-scaled-e1739478012746-18x12.jpg 18w, https:\/\/physio-waidfuss.ch\/wp-content\/uploads\/2025\/02\/Kraftmessung_Physiotherapie_Wipkingen-scaled-e1739478012746-850x567.jpg 850w, https:\/\/physio-waidfuss.ch\/wp-content\/uploads\/2025\/02\/Kraftmessung_Physiotherapie_Wipkingen-scaled-e1739478012746-272x182.jpg 272w\" sizes=\"(min-width: 781px) 360px, calc(100vw - 30px)\" \/>\t\t\t\t\t\t\t<div class=\"featured-page--overlay\">\n\t\t\t\t\t\t\t\t\t\t\t\t\t\t\t\t\t<div class=\"overlay--center\">\n\t\t\t\t\t\t\t\t\t\t<span>Learn more<\/span>\n\t\t\t\t\t\t\t\t\t<\/div>\n\t\t\t\t\t\t\t\t\t\t\t\t\t\t\t<\/div>\n\t\t\t\t\t\t<\/a>\n\t\t\t\t\t<\/div>\n\t\t\t\t\t\t\t\t<div class=\"featured-page--content\">\n\t\t\t\t\t<h4 class=\"featued-page--title\">\n\t\t\t\t\t\t<a href=\"https:\/\/physio-waidfuss.ch\/en\/kraftmessung\/\">Kinvent \/ force measurement<\/a>\n\t\t\t\t\t<\/h4>\n\t\t\t\t\t\t\t\t\t\t\t<p>Training progress is made visible\n\n\t\n\nDigital strength analysis\n\n\tDoes your injured leg feel strong again? We don't rely on...<\/p>\n\t\t\t\t\t\t\t\t\t\t\t\t\t\t\t\t<a href=\"https:\/\/physio-waidfuss.ch\/en\/kraftmessung\/\" class=\"text-link\">Learn more<\/a>\n\t\t\t\t\t\t\t\t\t<\/div>\n\t\t\t<\/div>\n\n\t\t\t<\/div><\/div><div id=\"pgc-11286-1-2\"  class=\"panel-grid-cell\" ><div id=\"panel-11286-1-2-0\" class=\"so-panel widget widget_qt_feature_page widget-featured-page panel-first-child panel-last-child\" data-index=\"3\" >\n\t\t\t<div class=\"featured-page\">\n\t\t\t\t\t\t\t\t\t<div class=\"featured-page--image\">\n\t\t\t\t\t\t<a href=\"https:\/\/physio-waidfuss.ch\/en\/functional-training\/\">\n\t\t\t\t\t\t\t<img decoding=\"async\" width=\"360\" height=\"240\" src=\"https:\/\/physio-waidfuss.ch\/wp-content\/uploads\/2026\/01\/IMG_8506-360x240.jpeg\" class=\"attachment-physio-qt-featured-s size-physio-qt-featured-s\" alt=\"Functional Training Area Physiotherapy Zurich Wipkingen H\u00f6ngg\" srcset=\"https:\/\/physio-waidfuss.ch\/wp-content\/uploads\/2026\/01\/IMG_8506-360x240.jpeg 360w, https:\/\/physio-waidfuss.ch\/wp-content\/uploads\/2026\/01\/IMG_8506-272x182.jpeg 272w\" sizes=\"(min-width: 781px) 360px, calc(100vw - 30px)\" \/>\t\t\t\t\t\t\t<div class=\"featured-page--overlay\">\n\t\t\t\t\t\t\t\t\t\t\t\t\t\t\t\t\t<div class=\"overlay--center\">\n\t\t\t\t\t\t\t\t\t\t<span>Learn more<\/span>\n\t\t\t\t\t\t\t\t\t<\/div>\n\t\t\t\t\t\t\t\t\t\t\t\t\t\t\t<\/div>\n\t\t\t\t\t\t<\/a>\n\t\t\t\t\t<\/div>\n\t\t\t\t\t\t\t\t<div class=\"featured-page--content\">\n\t\t\t\t\t<h4 class=\"featued-page--title\">\n\t\t\t\t\t\t<a href=\"https:\/\/physio-waidfuss.ch\/en\/functional-training\/\">Functional Training Area<\/a>\n\t\t\t\t\t<\/h4>\n\t\t\t\t\t\t\t\t\t\t\t<p>Strong for real life: Our functional area\n\n\tFunctional training\nMachines guide your movement - in everyday life you have to do it yourself. That's why...<\/p>\n\t\t\t\t\t\t\t\t\t\t\t\t\t\t\t\t<a href=\"https:\/\/physio-waidfuss.ch\/en\/functional-training\/\" class=\"text-link\">Learn more<\/a>\n\t\t\t\t\t\t\t\t\t<\/div>\n\t\t\t<\/div>\n\n\t\t\t<\/div><\/div><\/div><div id=\"pg-11286-2\"  class=\"panel-grid panel-no-style\" ><div id=\"pgc-11286-2-0\"  class=\"panel-grid-cell panel-grid-cell-empty\" ><\/div><div id=\"pgc-11286-2-1\"  class=\"panel-grid-cell panel-grid-cell-empty panel-grid-cell-mobile-last\" ><\/div><div id=\"pgc-11286-2-2\"  class=\"panel-grid-cell panel-grid-cell-empty\" ><\/div><\/div><\/div>","protected":false},"excerpt":{"rendered":"<p>Bei Physio Waidfuss endet die Therapie nicht auf der Liege. Wir kombinieren klassische Handarbeit mit modernster Messtechnik und funktioneller Trainingsinfrastruktur. Unser Ziel ist nicht nur Ihre Schmerzfreiheit, sondern Ihre volle Belastbarkeit \u2013 egal ob f\u00fcr den Spitzensport oder einen beschwerdefreien Alltag. Daf\u00fcr steht Ihnen in Z\u00fcrich Wipkingen eine Infrastruktur zur Verf\u00fcgung, die Sicherheit mit Fortschritt [&hellip;]<\/p>\n","protected":false},"author":9,"featured_media":0,"parent":0,"menu_order":0,"comment_status":"closed","ping_status":"closed","template":"","meta":{"_acf_changed":false,"footnotes":""},"class_list":["post-11286","page","type-page","status-publish","hentry"],"acf":[],"_links":{"self":[{"href":"https:\/\/physio-waidfuss.ch\/en\/wp-json\/wp\/v2\/pages\/11286","targetHints":{"allow":["GET"]}}],"collection":[{"href":"https:\/\/physio-waidfuss.ch\/en\/wp-json\/wp\/v2\/pages"}],"about":[{"href":"https:\/\/physio-waidfuss.ch\/en\/wp-json\/wp\/v2\/types\/page"}],"author":[{"embeddable":true,"href":"https:\/\/physio-waidfuss.ch\/en\/wp-json\/wp\/v2\/users\/9"}],"replies":[{"embeddable":true,"href":"https:\/\/physio-waidfuss.ch\/en\/wp-json\/wp\/v2\/comments?post=11286"}],"version-history":[{"count":11,"href":"https:\/\/physio-waidfuss.ch\/en\/wp-json\/wp\/v2\/pages\/11286\/revisions"}],"predecessor-version":[{"id":11326,"href":"https:\/\/physio-waidfuss.ch\/en\/wp-json\/wp\/v2\/pages\/11286\/revisions\/11326"}],"wp:attachment":[{"href":"https:\/\/physio-waidfuss.ch\/en\/wp-json\/wp\/v2\/media?parent=11286"}],"curies":[{"name":"wp","href":"https:\/\/api.w.org\/{rel}","templated":true}]}}