{"id":11290,"date":"2026-01-06T13:19:06","date_gmt":"2026-01-06T13:19:06","guid":{"rendered":"https:\/\/physio-waidfuss.ch\/?page_id=11290"},"modified":"2026-01-07T17:46:43","modified_gmt":"2026-01-07T17:46:43","slug":"ergometer","status":"publish","type":"page","link":"https:\/\/physio-waidfuss.ch\/en\/ergometer\/","title":{"rendered":"The \u201egame changer\u201c ergometer"},"content":{"rendered":"<div id=\"pl-11290\"  class=\"panel-layout\" ><div id=\"pg-11290-0\"  class=\"panel-grid panel-no-style\" ><div id=\"pgc-11290-0-0\"  class=\"panel-grid-cell\" ><div id=\"panel-11290-0-0-0\" class=\"so-panel widget widget_sow-editor panel-first-child panel-last-child\" data-index=\"0\" ><div\n\t\t\t\n\t\t\tclass=\"so-widget-sow-editor so-widget-sow-editor-base\"\n\t\t\t\n\t\t>\n<div class=\"siteorigin-widget-tinymce textwidget\">\n\t<p>&nbsp;<\/p>\n<p>&nbsp;<\/p>\n<p><img decoding=\"async\" class=\"H\u00fcfte und knie Rehabilitation alignnone wp-image-11330 size-medium\" title=\"Hip and knee rehabilitation\" src=\"https:\/\/physio-waidfuss.ch\/wp-content\/uploads\/2026\/01\/IMG_7157-225x300.jpeg\" alt=\"technogym ergometer\" width=\"225\" height=\"300\" srcset=\"https:\/\/physio-waidfuss.ch\/wp-content\/uploads\/2026\/01\/IMG_7157-225x300.jpeg 225w, https:\/\/physio-waidfuss.ch\/wp-content\/uploads\/2026\/01\/IMG_7157-9x12.jpeg 9w, https:\/\/physio-waidfuss.ch\/wp-content\/uploads\/2026\/01\/IMG_7157-rotated.jpeg 480w\" sizes=\"(max-width: 225px) 100vw, 225px\" \/> <img decoding=\"async\" class=\"H\u00fcfte und knie Rehabilitation alignnone wp-image-11331 size-medium\" title=\"Hip and knee rehabilitation\" src=\"https:\/\/physio-waidfuss.ch\/wp-content\/uploads\/2026\/01\/IMG_7160-225x300.jpeg\" alt=\"indor velo\" width=\"225\" height=\"300\" srcset=\"https:\/\/physio-waidfuss.ch\/wp-content\/uploads\/2026\/01\/IMG_7160-225x300.jpeg 225w, https:\/\/physio-waidfuss.ch\/wp-content\/uploads\/2026\/01\/IMG_7160-9x12.jpeg 9w, https:\/\/physio-waidfuss.ch\/wp-content\/uploads\/2026\/01\/IMG_7160-rotated.jpeg 480w\" sizes=\"(max-width: 225px) 100vw, 225px\" \/><\/p>\n<p><img decoding=\"async\" class=\"H\u00fcfte und knie Rehabilitation alignnone wp-image-11333 size-medium\" title=\"Hip and knee rehabilitation\" src=\"https:\/\/physio-waidfuss.ch\/wp-content\/uploads\/2026\/01\/IMG_8013-1-225x300.jpg\" alt=\"Adjustable crank handle \" width=\"225\" height=\"300\" srcset=\"https:\/\/physio-waidfuss.ch\/wp-content\/uploads\/2026\/01\/IMG_8013-1-225x300.jpg 225w, https:\/\/physio-waidfuss.ch\/wp-content\/uploads\/2026\/01\/IMG_8013-1-9x12.jpg 9w, https:\/\/physio-waidfuss.ch\/wp-content\/uploads\/2026\/01\/IMG_8013-1-rotated.jpg 480w\" sizes=\"(max-width: 225px) 100vw, 225px\" \/><img decoding=\"async\" class=\"H\u00fcfte und knie Rehabilitation alignnone wp-image-11332\" title=\"Hip and knee rehabilitation\" src=\"https:\/\/physio-waidfuss.ch\/wp-content\/uploads\/2026\/01\/IMG_7161-225x300.jpeg\" alt=\"Adjustable crank \" width=\"225\" height=\"300\" srcset=\"https:\/\/physio-waidfuss.ch\/wp-content\/uploads\/2026\/01\/IMG_7161-225x300.jpeg 225w, https:\/\/physio-waidfuss.ch\/wp-content\/uploads\/2026\/01\/IMG_7161-9x12.jpeg 9w, https:\/\/physio-waidfuss.ch\/wp-content\/uploads\/2026\/01\/IMG_7161-rotated.jpeg 480w\" sizes=\"(max-width: 225px) 100vw, 225px\" \/><\/p>\n<\/div>\n<\/div><\/div><\/div><div id=\"pgc-11290-0-1\"  class=\"panel-grid-cell\" ><div id=\"panel-11290-0-1-0\" class=\"so-panel widget widget_sow-editor panel-first-child panel-last-child\" data-index=\"1\" ><div\n\t\t\t\n\t\t\tclass=\"so-widget-sow-editor so-widget-sow-editor-base\"\n\t\t\t\n\t\t><h3 class=\"widget-title\">Cycling despite knee restrictions: our Technogym special ergometer<\/h3>\n<div class=\"siteorigin-widget-tinymce textwidget\">\n\t<h2 data-path-to-node=\"6\">Ergometer with adjustable crank<\/h2>\n<p data-path-to-node=\"6\">After a<strong> Knee or hip surgery<\/strong> or <a href=\"https:\/\/physio-waidfuss.ch\/knieschmerzen\/\">Injury<\/a> mobility is often the biggest obstacle. A normal bike requires a knee bend of over 110 degrees - a goal that often seems unattainable in the first few weeks.<\/p>\n<p data-path-to-node=\"7\">At Physio Waidfuss you don't have to wait: our medical ergometer from Technogym is equipped with a <b data-path-to-node=\"7\" data-index-in-node=\"107\">Infinitely adjustable crank handle<\/b>.<\/p>\n<p data-path-to-node=\"8\"><b data-path-to-node=\"8\" data-index-in-node=\"0\">The decisive advantage:<\/b> We can reduce the radius of the pedaling motion of our ergometer. This means that you can already make a full pedal rotation, even if you can only bend your knee to 60 or 70 degrees. This allows you to start your joint-friendly metabolic training often weeks earlier than in standard practices. You 'lubricate' the joint and build up muscles long before normal bike training would be possible.<\/p>\n<\/div>\n<\/div><\/div><\/div><\/div><\/div>","protected":false},"excerpt":{"rendered":"<p>&nbsp; &nbsp; Ergometer mit verstellbarer Kurbel Nach einer Knie- oder H\u00fcftoperation oder Verletzung ist die Beweglichkeit oft das gr\u00f6\u00dfte Hindernis. Ein normales Fahrrad erfordert eine Kniebeugung von \u00fcber 110 Grad \u2013 ein Ziel, das in den ersten Wochen oft unerreichbar scheint. Bei Physio Waidfuss m\u00fcssen Sie nicht warten: Unser medizinisches Ergometer von Technogym verf\u00fcgt \u00fcber [&hellip;]<\/p>\n","protected":false},"author":9,"featured_media":11293,"parent":0,"menu_order":0,"comment_status":"closed","ping_status":"closed","template":"","meta":{"_acf_changed":false,"footnotes":""},"class_list":["post-11290","page","type-page","status-publish","has-post-thumbnail","hentry"],"acf":[],"_links":{"self":[{"href":"https:\/\/physio-waidfuss.ch\/en\/wp-json\/wp\/v2\/pages\/11290","targetHints":{"allow":["GET"]}}],"collection":[{"href":"https:\/\/physio-waidfuss.ch\/en\/wp-json\/wp\/v2\/pages"}],"about":[{"href":"https:\/\/physio-waidfuss.ch\/en\/wp-json\/wp\/v2\/types\/page"}],"author":[{"embeddable":true,"href":"https:\/\/physio-waidfuss.ch\/en\/wp-json\/wp\/v2\/users\/9"}],"replies":[{"embeddable":true,"href":"https:\/\/physio-waidfuss.ch\/en\/wp-json\/wp\/v2\/comments?post=11290"}],"version-history":[{"count":10,"href":"https:\/\/physio-waidfuss.ch\/en\/wp-json\/wp\/v2\/pages\/11290\/revisions"}],"predecessor-version":[{"id":11339,"href":"https:\/\/physio-waidfuss.ch\/en\/wp-json\/wp\/v2\/pages\/11290\/revisions\/11339"}],"wp:featuredmedia":[{"embeddable":true,"href":"https:\/\/physio-waidfuss.ch\/en\/wp-json\/wp\/v2\/media\/11293"}],"wp:attachment":[{"href":"https:\/\/physio-waidfuss.ch\/en\/wp-json\/wp\/v2\/media?parent=11290"}],"curies":[{"name":"wp","href":"https:\/\/api.w.org\/{rel}","templated":true}]}}