{"id":11308,"date":"2026-01-06T16:04:22","date_gmt":"2026-01-06T16:04:22","guid":{"rendered":"https:\/\/physio-waidfuss.ch\/?page_id=11308"},"modified":"2026-01-07T17:49:22","modified_gmt":"2026-01-07T17:49:22","slug":"force-measurement","status":"publish","type":"page","link":"https:\/\/physio-waidfuss.ch\/en\/kraftmessung\/","title":{"rendered":"Kinvent \/ force measurement"},"content":{"rendered":"<div id=\"pl-11308\"  class=\"panel-layout\" ><div id=\"pg-11308-0\"  class=\"panel-grid panel-no-style\" ><div id=\"pgc-11308-0-0\"  class=\"panel-grid-cell\" ><div id=\"panel-11308-0-0-0\" class=\"so-panel widget widget_sow-editor panel-first-child panel-last-child\" data-index=\"0\" ><div\n\t\t\t\n\t\t\tclass=\"so-widget-sow-editor so-widget-sow-editor-base\"\n\t\t\t\n\t\t><h3 class=\"widget-title\">Training progress is made visible <\/h3>\n<div class=\"siteorigin-widget-tinymce textwidget\">\n\t<p><img decoding=\"async\" class=\"alignnone  wp-image-11309\" src=\"https:\/\/physio-waidfuss.ch\/wp-content\/uploads\/2026\/01\/IMG_8247-300x207.jpg\" alt=\"Kinvent \/ force measurement\" width=\"504\" height=\"348\" srcset=\"https:\/\/physio-waidfuss.ch\/wp-content\/uploads\/2026\/01\/IMG_8247-300x207.jpg 300w, https:\/\/physio-waidfuss.ch\/wp-content\/uploads\/2026\/01\/IMG_8247-18x12.jpg 18w, https:\/\/physio-waidfuss.ch\/wp-content\/uploads\/2026\/01\/IMG_8247.jpg 640w\" sizes=\"(max-width: 504px) 100vw, 504px\" \/><\/p>\n<\/div>\n<\/div><\/div><\/div><div id=\"pgc-11308-0-1\"  class=\"panel-grid-cell\" ><div id=\"panel-11308-0-1-0\" class=\"so-panel widget widget_sow-editor panel-first-child panel-last-child\" data-index=\"1\" ><div\n\t\t\t\n\t\t\tclass=\"so-widget-sow-editor so-widget-sow-editor-base\"\n\t\t\t\n\t\t><h3 class=\"widget-title\">Digital strength analysis<\/h3>\n<div class=\"siteorigin-widget-tinymce textwidget\">\n\t<p data-path-to-node=\"3\">Does your injured leg feel strong again? We don't rely on feelings, we rely on data. With the <b data-path-to-node=\"3\" data-index-in-node=\"202\"><a href=\"https:\/\/kinvent.com\" target=\"_blank\" rel=\"noopener\">Kinvent<\/a>-Diagnostic system<\/b> we measure your strength and mobility precisely and digitally.<\/p>\n<ul data-path-to-node=\"4\">\n<li>\n<p data-path-to-node=\"4,0,0\"><b data-path-to-node=\"4,0,0\" data-index-in-node=\"0\">Objective status:<\/b> We show you in black and white what percentage of strength is still missing compared to the healthy side. In this way, we uncover hidden deficits that are not visible to the naked eye.<\/p>\n<\/li>\n<li>\n<p data-path-to-node=\"4,1,0\"><b data-path-to-node=\"4,1,0\" data-index-in-node=\"0\">Safe course:<\/b> <a href=\"https:\/\/physio-waidfuss.ch\/kraftmessung\/\">Regular measurements<\/a> make your rehabilitation success visible. We document your progress precisely and adapt your training plan based on the data - for optimum load control without over- or under-exertion. The result: rehab that is not based on assumptions, but on measurable facts and safe decisions for your return to sport.\"<\/p>\n<\/li>\n<\/ul>\n<\/div>\n<\/div><\/div><\/div><\/div><\/div>","protected":false},"excerpt":{"rendered":"<p>F\u00fchlt sich Ihr verletztes Bein schon wieder stark an? Wir verlassen uns nicht auf Gef\u00fchle, wir verlassen uns auf Daten. Mit dem Kinvent-Diagnostiksystem messen wir Ihre Kraft und Beweglichkeit pr\u00e4zise und digital. Objektiver Status: Wir zeigen Ihnen schwarz auf wei\u00df, wie viel Prozent Kraft im Vergleich zur gesunden Seite noch fehlen. So decken wir versteckte [&hellip;]<\/p>\n","protected":false},"author":9,"featured_media":10809,"parent":0,"menu_order":0,"comment_status":"closed","ping_status":"closed","template":"","meta":{"_acf_changed":false,"footnotes":""},"class_list":["post-11308","page","type-page","status-publish","has-post-thumbnail","hentry"],"acf":[],"_links":{"self":[{"href":"https:\/\/physio-waidfuss.ch\/en\/wp-json\/wp\/v2\/pages\/11308","targetHints":{"allow":["GET"]}}],"collection":[{"href":"https:\/\/physio-waidfuss.ch\/en\/wp-json\/wp\/v2\/pages"}],"about":[{"href":"https:\/\/physio-waidfuss.ch\/en\/wp-json\/wp\/v2\/types\/page"}],"author":[{"embeddable":true,"href":"https:\/\/physio-waidfuss.ch\/en\/wp-json\/wp\/v2\/users\/9"}],"replies":[{"embeddable":true,"href":"https:\/\/physio-waidfuss.ch\/en\/wp-json\/wp\/v2\/comments?post=11308"}],"version-history":[{"count":5,"href":"https:\/\/physio-waidfuss.ch\/en\/wp-json\/wp\/v2\/pages\/11308\/revisions"}],"predecessor-version":[{"id":11341,"href":"https:\/\/physio-waidfuss.ch\/en\/wp-json\/wp\/v2\/pages\/11308\/revisions\/11341"}],"wp:featuredmedia":[{"embeddable":true,"href":"https:\/\/physio-waidfuss.ch\/en\/wp-json\/wp\/v2\/media\/10809"}],"wp:attachment":[{"href":"https:\/\/physio-waidfuss.ch\/en\/wp-json\/wp\/v2\/media?parent=11308"}],"curies":[{"name":"wp","href":"https:\/\/api.w.org\/{rel}","templated":true}]}}