{"id":2568,"date":"2015-12-11T14:39:50","date_gmt":"2015-12-11T14:39:50","guid":{"rendered":"http:\/\/export-xml.qreativethemes.com\/physio\/?page_id=2568"},"modified":"2026-01-01T16:15:10","modified_gmt":"2026-01-01T16:15:10","slug":"physiotherapy-wipkingen","status":"publish","type":"page","link":"https:\/\/physio-waidfuss.ch\/en\/physiotherapie-wipkingen\/","title":{"rendered":"How to find us"},"content":{"rendered":"<div id=\"pl-2568\"  class=\"panel-layout\" ><div id=\"pg-2568-0\"  class=\"panel-grid panel-no-style\" ><div id=\"pgc-2568-0-0\"  class=\"panel-grid-cell\" ><div id=\"panel-2568-0-0-0\" class=\"so-panel widget widget_qt_google_map_iframe widget-google-map-iframe panel-first-child panel-last-child\" data-index=\"0\" >\n\t    \t<div class=\"qt-map-iframe\">\n\t\t\t\t<iframe loading=\"lazy\" frameborder=\"0\" title=\"Google Maps\" src=\"https:\/\/maps.google.com\/maps?f=q&source=s_q&hl=en&geocode=&q=8037+Z\u00fcrich+H\u00f6nggertsrasse.118&z=20&output=embed\" width=\"100%;\" height=\"427px;\"><\/iframe>\n\t\t\t<\/div>\n\t\t\t\t\n\t\t\t<\/div><\/div><div id=\"pgc-2568-0-1\"  class=\"panel-grid-cell\" ><div id=\"panel-2568-0-1-0\" class=\"so-panel widget widget_sow-editor panel-first-child panel-last-child\" data-index=\"1\" ><div class=\"featured-box panel-widget-style panel-widget-style-for-2568-0-1-0\" ><div\n\t\t\t\n\t\t\tclass=\"so-widget-sow-editor so-widget-sow-editor-base\"\n\t\t\t\n\t\t><h3 class=\"widget-title\">Physiotherapy practices Wipkingen<\/h3>\n<div class=\"siteorigin-widget-tinymce textwidget\">\n\t<p><strong>Physiotherapy Waidfuss<br \/>\n<\/strong><span style=\"line-height: 1.5;\">H\u00f6nggerstrasse 118<br \/>\n<\/span><span style=\"line-height: 1.5;\">8037 Zurich<br \/>\n<\/span><span style=\"line-height: 1.5;\">Switzerland<\/span><\/p>\n<hr \/>\n<p><strong>Telephone<\/strong><br \/>\n044 585 99 49<\/p>\n<hr \/>\n<p><strong>E-mail<\/strong><br \/>\ninfo@physio-waidfuss.ch<\/p>\n<\/div>\n<\/div><\/div><\/div><\/div><\/div><div id=\"pg-2568-1\"  class=\"panel-grid panel-no-style\" ><div id=\"pgc-2568-1-0\"  class=\"panel-grid-cell\" ><div id=\"panel-2568-1-0-0\" class=\"so-panel widget widget_sow-editor panel-first-child panel-last-child\" data-index=\"2\" ><div\n\t\t\t\n\t\t\tclass=\"so-widget-sow-editor so-widget-sow-editor-base\"\n\t\t\t\n\t\t><h3 class=\"widget-title\">How to find us, Physiotherapy Practice Kreis 10 directly at the Waidfussweg streetcar stop in Wipkingen<\/h3>\n<div class=\"siteorigin-widget-tinymce textwidget\">\n\t<h2>Arrival and parking Physiotherapy Waidfuss<\/h2>\n<p><img decoding=\"async\" class=\"Physiotherapeuten Kreis 10 , in der n\u00e4he Dorfstrasse in Wipkingen alignnone wp-image-8393\" title=\"Map of Physiotherapie H\u00f6ngg, parking spaces in front of the door\" src=\"https:\/\/physio-waidfuss.ch\/wp-content\/uploads\/2020\/04\/Physio_Waidfuss_Karte-300x141.jpg\" alt=\"Physiotherapy Wipkingen , Physio H\u00f6ngg\" width=\"791\" height=\"372\" srcset=\"https:\/\/physio-waidfuss.ch\/wp-content\/uploads\/2020\/04\/Physio_Waidfuss_Karte-300x141.jpg 300w, https:\/\/physio-waidfuss.ch\/wp-content\/uploads\/2020\/04\/Physio_Waidfuss_Karte-1024x483.jpg 1024w, https:\/\/physio-waidfuss.ch\/wp-content\/uploads\/2020\/04\/Physio_Waidfuss_Karte-768x362.jpg 768w, https:\/\/physio-waidfuss.ch\/wp-content\/uploads\/2020\/04\/Physio_Waidfuss_Karte-1536x724.jpg 1536w, https:\/\/physio-waidfuss.ch\/wp-content\/uploads\/2020\/04\/Physio_Waidfuss_Karte-2048x965.jpg 2048w, https:\/\/physio-waidfuss.ch\/wp-content\/uploads\/2020\/04\/Physio_Waidfuss_Karte-600x283.jpg 600w\" sizes=\"(max-width: 791px) 100vw, 791px\" \/><\/p>\n<p><span style=\"font-weight: 400;\">Our <a href=\"https:\/\/physio-waidfuss.ch\">Physiotherapy practice<\/a> is located in district 10, in a nice residential area, very well connected by public transport.<\/span><\/p>\n<p>&nbsp;<\/p>\n<h3><b>Out of town coming from Hartbr\u00fccke:<\/b><\/h3>\n<p>Our practice is located out of town, from Wipkingerplatz in the direction of Zurich H\u00f6ngg. Start at Wipkingerplatz and follow H\u00f6nggerstrasse in a westerly direction. After about 500 meters, you will find us on the right-hand side, directly opposite the Bindella company. Our physiotherapy practice is located right next to the Waidfussweg streetcar stop.<\/p>\n<p>&nbsp;<\/p>\n<h3><b>From the main station:<\/b><\/h3>\n<p>You can also reach our physiotherapy practice quickly and easily on streetcar line 50. It will take you from Zurich main station to the Waidfussweg stop in just nine minutes. After seven stops, you get off directly in front of our practice. This means you can arrive relaxed and stress-free without having to worry about parking.<\/p>\n<p>&nbsp;<\/p>\n<h3><b>Towards the city coming from H\u00f6ngg:\u00a0<\/b><\/h3>\n<p>If you are traveling from Meierhofplatz H\u00f6ngg, follow Limmattalstrasse and H\u00f6nggerstrasse in the direction of Wipkingerplatz. Our practice is located on the left-hand side, directly opposite the VOI market.<\/p>\n<p><a href=\"https:\/\/www.sbb.ch\/\" target=\"_blank\" rel=\"noopener\">With the streetcar<\/a> you can reach us in just three stops from Meierhofplatz to the Waidfussweg stop in Wipkingen.<\/p>\n<h3><b>Coming from Zurich, Hardbr\u00fccke station:<\/b><\/h3>\n<p><span style=\"font-weight: 400;\">From Hardbr\u00fccke take bus 72 in the direction of Milchbuck, change once at Escher-Wyss-Platz to streetcar 50 in the direction of Frankental. In just three minutes and two stops you will be at the Waidfussweg stop, directly in front of the physiotherapy practice.<\/span><\/p>\n<p>&nbsp;<\/p>\n<p><span style=\"font-weight: 400;\">If you come by car, you are welcome to park in front of our <a href=\"https:\/\/physioswiss.ch\/praxen\/60727\/physiotherapie-waidfuss\/\" target=\"_blank\" rel=\"noopener\">Physiotherapy practice<\/a> parking. There are two marked parking spaces directly in front of the entrance.\u00a0<\/span><\/p>\n<p>&nbsp;<\/p>\n<p>&nbsp;<\/p>\n<p>&nbsp;<\/p>\n<\/div>\n<\/div><\/div><\/div><div id=\"pgc-2568-1-1\"  class=\"panel-grid-cell\" ><div id=\"panel-2568-1-1-0\" class=\"so-panel widget widget_qt_opening_hours widget-opening-hours panel-first-child panel-last-child\" data-index=\"3\" ><h3 class=\"widget-title\">Opening hours<\/h3><div class=\"opening-hours\"><ul><li class=\"weekday\">Monday<span class=\"right\">08:00-17:30<\/span><\/li><li class=\"weekday\">Tuesday<span class=\"right\">08:00-17:00<\/span><\/li><li class=\"weekday\">Wednesday<span class=\"right\">08:00-17:00<\/span><\/li><li class=\"weekday today\">Thursday<span class=\"right\">08:00-17:00<\/span><\/li><li class=\"weekday\">Friday<span class=\"right\">08:00-16:00<\/span><\/li><li class=\"weekday\">Saturday<span class=\"right\">closed<\/span><\/li><li class=\"weekday\">Sunday<span class=\"right\">closed<\/span><\/li><\/ul><span class=\"extra\">Lunch break from 12:00 to 13:00 each day<\/span><\/div><\/div><\/div><\/div><\/div>","protected":false},"excerpt":{"rendered":"<p>Physiotherapie Waidfuss H\u00f6nggerstrasse 118 8037 Z\u00fcrich Schweiz Telefon 044 585 99 49 E-Mail info@physio-waidfuss.ch Anreise und Parkpl\u00e4tze Physiotherapie Waidfuss Unsere Physiotherapie Praxis befindet sich im Kreis 10. In einem sch\u00f6nen Wohnquartier, sehr gut erschlossen mit dem \u00f6ffentlichen Verkehr. &nbsp; Stadtausw\u00e4rts von der Hartbr\u00fccke kommend: Unsere Praxis befindet sich stadtausw\u00e4rts, vom Wipkingerplatz in Richtung Z\u00fcrich H\u00f6ngg. [&hellip;]<\/p>\n","protected":false},"author":1,"featured_media":0,"parent":0,"menu_order":0,"comment_status":"closed","ping_status":"closed","template":"","meta":{"_acf_changed":false,"footnotes":""},"class_list":["post-2568","page","type-page","status-publish","hentry"],"acf":[],"_links":{"self":[{"href":"https:\/\/physio-waidfuss.ch\/en\/wp-json\/wp\/v2\/pages\/2568","targetHints":{"allow":["GET"]}}],"collection":[{"href":"https:\/\/physio-waidfuss.ch\/en\/wp-json\/wp\/v2\/pages"}],"about":[{"href":"https:\/\/physio-waidfuss.ch\/en\/wp-json\/wp\/v2\/types\/page"}],"author":[{"embeddable":true,"href":"https:\/\/physio-waidfuss.ch\/en\/wp-json\/wp\/v2\/users\/1"}],"replies":[{"embeddable":true,"href":"https:\/\/physio-waidfuss.ch\/en\/wp-json\/wp\/v2\/comments?post=2568"}],"version-history":[{"count":30,"href":"https:\/\/physio-waidfuss.ch\/en\/wp-json\/wp\/v2\/pages\/2568\/revisions"}],"predecessor-version":[{"id":11285,"href":"https:\/\/physio-waidfuss.ch\/en\/wp-json\/wp\/v2\/pages\/2568\/revisions\/11285"}],"wp:attachment":[{"href":"https:\/\/physio-waidfuss.ch\/en\/wp-json\/wp\/v2\/media?parent=2568"}],"curies":[{"name":"wp","href":"https:\/\/api.w.org\/{rel}","templated":true}]}}