{"id":6393,"date":"2015-12-28T20:03:55","date_gmt":"2015-12-28T20:03:55","guid":{"rendered":"http:\/\/export-xml.qreativethemes.com\/physio\/?page_id=6393"},"modified":"2025-10-29T12:02:56","modified_gmt":"2025-10-29T12:02:56","slug":"manual-lymphatic-drainage","status":"publish","type":"page","link":"https:\/\/physio-waidfuss.ch\/en\/angebot\/manuelle-lymphdrainage\/","title":{"rendered":"Manual lymphatic drainage (MLD) in Zurich Wipkingen \/ H\u00f6ngg"},"content":{"rendered":"<div id=\"pl-6393\"  class=\"panel-layout\" ><div id=\"pg-6393-0\"  class=\"panel-grid panel-no-style\" ><div id=\"pgc-6393-0-0\"  class=\"panel-grid-cell\" ><div id=\"panel-6393-0-0-0\" class=\"so-panel widget widget_sow-editor panel-first-child panel-last-child\" data-index=\"0\" ><div\n\t\t\t\n\t\t\tclass=\"so-widget-sow-editor so-widget-sow-editor-base\"\n\t\t\t\n\t\t><h3 class=\"widget-title\">Manual lymphatic drainage<\/h3>\n<div class=\"siteorigin-widget-tinymce textwidget\">\n\t<h3 data-pm-slice=\"1 1 []\"><strong>What is manual lymphatic drainage?<\/strong><\/h3>\n<p>Manual lymphatic drainage (MLD) is a proven form of physiotherapy for the treatment of oedema, bruising and water retention. It supports the body in removing accumulated lymphatic fluid in a targeted manner, thereby alleviating swelling and discomfort.<\/p>\n<p>Our specially trained therapists use gentle, circular movements with light pressure to guide the lymph into the vascular system. For more severe edema, additional bandages or support stockings may be recommended.<\/p>\n<p><strong>Important:<\/strong> We bill the compulsory health insurance, but are not recognized by supplementary insurances. A doctor's prescription is required.<\/p>\n<\/div>\n<\/div><\/div><\/div><\/div><div id=\"pg-6393-1\"  class=\"panel-grid panel-no-style\" ><div id=\"pgc-6393-1-0\"  class=\"panel-grid-cell\" ><div id=\"panel-6393-1-0-0\" class=\"so-panel widget widget_sow-editor panel-first-child panel-last-child\" data-index=\"1\" ><div\n\t\t\t\n\t\t\tclass=\"so-widget-sow-editor so-widget-sow-editor-base\"\n\t\t\t\n\t\t><h3 class=\"widget-title\">Manual lymphatic drainage<\/h3>\n<div class=\"siteorigin-widget-tinymce textwidget\">\n\t<div>\n<h3 data-pm-slice=\"1 1 []\"><strong>Indications: When is MLD useful?<\/strong><\/h3>\n<p>Manual lymphatic drainage can be helpful for various complaints:<\/p>\n<h4><strong>1. lymphoedema<\/strong><\/h4>\n<ul data-spread=\"false\">\n<li><strong>Excellent lymphedema:<\/strong> Congenital weakness of the lymphatic system, often in women.<\/li>\n<li><strong>Secondary lymphedema:<\/strong> As a result of operations, radiation (e.g. after breast cancer), injuries or severe obesity.<\/li>\n<\/ul>\n<h4><strong>2. after operations or accidents<\/strong><\/h4>\n<p>After surgical procedures or injuries, MLD helps to reduce swelling and support wound healing. If necessary, lymphatic tape can further relieve the pressure.<\/p>\n<h4><strong>3. headaches and trigeminal neuralgia<\/strong><\/h4>\n<p>MLD can relieve tension headaches and trigeminal neuralgia using gentle drainage techniques in the neck and head area. Trigger point therapy can also be used.<\/p>\n<h4><strong>4. pregnancy<\/strong><\/h4>\n<p>Many expectant mothers suffer from swollen legs. MLD can help to reduce swelling and prevent the development of varicose veins. However, medical clarification is necessary.<\/p>\n<\/div>\n<p>&nbsp;<\/p>\n<h3 data-pm-slice=\"1 3 []\"><strong>How does manual lymphatic drainage work?<\/strong><\/h3>\n<p>The lymphatic system plays a central role in the body's fluid regulation. Normally, around 90 % of fluid is transported away via the venous system, while the remaining 10 % is removed via the lymphatic system. If this is disrupted, fluid accumulates in the tissue, causing swelling and restricted movement.<\/p>\n<p>The lymph flow is stimulated with targeted grip techniques (twisting, pushing, pumping and circular movements) so that the excess tissue fluid is better transported back to the heart. This leads to a reduction in pressure in the tissue and noticeable pain relief.<\/p>\n<p><strong>After the treatment:<\/strong><\/p>\n<ul data-spread=\"false\">\n<li>Immediate bandaging or compression stockings prevent renewed swelling.<\/li>\n<li>An increased urge to urinate is normal and indicates the successful removal of lymph.<\/li>\n<li>Drinking plenty of water supports the detoxification process.<\/li>\n<\/ul>\n<p>&nbsp;<\/p>\n<h3 data-pm-slice=\"1 3 []\"><strong>When should MLD not be used?<\/strong><\/h3>\n<p>Manual lymphatic drainage is not recommended in every case. There are <strong>relative<\/strong> and <strong>absolute<\/strong> Contraindications:<\/p>\n<p><strong>Relative contraindications (consultation with the doctor required):<\/strong><\/p>\n<ul data-spread=\"false\">\n<li>Chronic inflammation<\/li>\n<li>Low blood pressure<\/li>\n<li>Compensated heart failure<\/li>\n<li>Thyroid diseases<\/li>\n<li>Bronchial asthma<\/li>\n<li>Certain skin diseases<\/li>\n<\/ul>\n<p><strong>Absolute contraindications (MLD is not permitted):<\/strong><\/p>\n<ul data-spread=\"false\">\n<li>Boesian tumors<\/li>\n<li>Acute inflammation or fever<\/li>\n<li>Acute deep vein thrombosis<\/li>\n<li>Decompensated heart failure<\/li>\n<li>Cardiac arrhythmias<\/li>\n<li>Open skin wounds in the treatment area<\/li>\n<\/ul>\n<p>&nbsp;<\/p>\n<h3 data-pm-slice=\"1 1 []\"><strong>Your specialist for lymphatic drainage in Zurich<\/strong><\/h3>\n<p>Our trained therapists guarantee professional treatment according to the latest standards. Let us advise you and experience the positive effects of manual lymphatic drainage!<\/p>\n<p>Contact us for more information or to make an appointment.<\/p>\n<\/div>\n<\/div><\/div><\/div><\/div><div id=\"pg-6393-2\"  class=\"panel-grid panel-no-style\" ><div id=\"pgc-6393-2-0\"  class=\"panel-grid-cell\" ><div id=\"panel-6393-2-0-0\" class=\"so-panel widget widget_sow-editor panel-first-child panel-last-child\" data-index=\"2\" ><div\n\t\t\t\n\t\t\tclass=\"so-widget-sow-editor so-widget-sow-editor-base\"\n\t\t\t\n\t\t>\n<div class=\"siteorigin-widget-tinymce textwidget\">\n\t<h2>Further offer:<\/h2>\n<\/div>\n<\/div><\/div><\/div><\/div><div id=\"pg-6393-3\"  class=\"panel-grid panel-no-style\" ><div id=\"pgc-6393-3-0\"  class=\"panel-grid-cell\" ><div id=\"panel-6393-3-0-0\" class=\"so-panel widget widget_qt_feature_page widget-featured-page panel-first-child panel-last-child\" data-index=\"3\" >\n\t\t\t<div class=\"featured-page\">\n\t\t\t\t\t\t\t\t\t<div class=\"featured-page--image\">\n\t\t\t\t\t\t<a href=\"https:\/\/physio-waidfuss.ch\/en\/angebot\/manuelle-therapie\/\">\n\t\t\t\t\t\t\t<img decoding=\"async\" width=\"360\" height=\"240\" src=\"https:\/\/physio-waidfuss.ch\/wp-content\/uploads\/2020\/03\/Schulter_befund_Sportphysio_Wipkingen-360x240.jpg\" class=\"attachment-physio-qt-featured-s size-physio-qt-featured-s\" alt=\"Manual Therapy Zurich - Physiotherapy Waidfuss H\u00f6ngg\" srcset=\"https:\/\/physio-waidfuss.ch\/wp-content\/uploads\/2020\/03\/Schulter_befund_Sportphysio_Wipkingen-360x240.jpg 360w, https:\/\/physio-waidfuss.ch\/wp-content\/uploads\/2020\/03\/Schulter_befund_Sportphysio_Wipkingen-300x200.jpg 300w, https:\/\/physio-waidfuss.ch\/wp-content\/uploads\/2020\/03\/Schulter_befund_Sportphysio_Wipkingen-1024x683.jpg 1024w, https:\/\/physio-waidfuss.ch\/wp-content\/uploads\/2020\/03\/Schulter_befund_Sportphysio_Wipkingen-768x513.jpg 768w, https:\/\/physio-waidfuss.ch\/wp-content\/uploads\/2020\/03\/Schulter_befund_Sportphysio_Wipkingen-1536x1025.jpg 1536w, https:\/\/physio-waidfuss.ch\/wp-content\/uploads\/2020\/03\/Schulter_befund_Sportphysio_Wipkingen-2048x1367.jpg 2048w, https:\/\/physio-waidfuss.ch\/wp-content\/uploads\/2020\/03\/Schulter_befund_Sportphysio_Wipkingen-850x567.jpg 850w, https:\/\/physio-waidfuss.ch\/wp-content\/uploads\/2020\/03\/Schulter_befund_Sportphysio_Wipkingen-600x400.jpg 600w, https:\/\/physio-waidfuss.ch\/wp-content\/uploads\/2020\/03\/Schulter_befund_Sportphysio_Wipkingen-272x182.jpg 272w, https:\/\/physio-waidfuss.ch\/wp-content\/uploads\/2020\/03\/Schulter_befund_Sportphysio_Wipkingen-scaled-e1737017281714.jpg 1200w\" sizes=\"(min-width: 781px) 360px, calc(100vw - 30px)\" \/>\t\t\t\t\t\t\t<div class=\"featured-page--overlay\">\n\t\t\t\t\t\t\t\t\t\t\t\t\t\t\t\t\t<div class=\"overlay--center\">\n\t\t\t\t\t\t\t\t\t\t<span>Read more<\/span>\n\t\t\t\t\t\t\t\t\t<\/div>\n\t\t\t\t\t\t\t\t\t\t\t\t\t\t\t<\/div>\n\t\t\t\t\t\t<\/a>\n\t\t\t\t\t<\/div>\n\t\t\t\t\t\t\t\t<div class=\"featured-page--content\">\n\t\t\t\t\t<h4 class=\"featued-page--title\">\n\t\t\t\t\t\t<a href=\"https:\/\/physio-waidfuss.ch\/en\/angebot\/manuelle-therapie\/\">Manual therapy in Zurich Wipkingen \/ H\u00f6ngg<\/a>\n\t\t\t\t\t<\/h4>\n\t\t\t\t\t\t\t\t\t\t\t<p>Manual therapy treats all functional disorders of the musculoskeletal system. Classical manual therapy was developed for the mobilization of movement...<\/p>\n\t\t\t\t\t\t\t\t\t\t\t\t\t\t\t\t<a href=\"https:\/\/physio-waidfuss.ch\/en\/angebot\/manuelle-therapie\/\" class=\"text-link\">Read more<\/a>\n\t\t\t\t\t\t\t\t\t<\/div>\n\t\t\t<\/div>\n\n\t\t\t<\/div><\/div><div id=\"pgc-6393-3-1\"  class=\"panel-grid-cell\" ><div id=\"panel-6393-3-1-0\" class=\"so-panel widget widget_qt_feature_page widget-featured-page panel-first-child panel-last-child\" data-index=\"4\" >\n\t\t\t<div class=\"featured-page\">\n\t\t\t\t\t\t\t\t\t<div class=\"featured-page--image\">\n\t\t\t\t\t\t<a href=\"https:\/\/physio-waidfuss.ch\/en\/?page_id=307\">\n\t\t\t\t\t\t\t<img decoding=\"async\" width=\"360\" height=\"240\" src=\"https:\/\/physio-waidfuss.ch\/wp-content\/uploads\/2020\/03\/Befund_Wirbels\u00e4ule_erkl\u00e4ren_Physio_Philipp_Schr\u00f6der-360x240.jpg\" class=\"attachment-physio-qt-featured-s size-physio-qt-featured-s\" alt=\"Physiotherapy Zuerich - Physiotherapy Waidfuss Wipkingen\" srcset=\"https:\/\/physio-waidfuss.ch\/wp-content\/uploads\/2020\/03\/Befund_Wirbels\u00e4ule_erkl\u00e4ren_Physio_Philipp_Schr\u00f6der-360x240.jpg 360w, https:\/\/physio-waidfuss.ch\/wp-content\/uploads\/2020\/03\/Befund_Wirbels\u00e4ule_erkl\u00e4ren_Physio_Philipp_Schr\u00f6der-300x200.jpg 300w, https:\/\/physio-waidfuss.ch\/wp-content\/uploads\/2020\/03\/Befund_Wirbels\u00e4ule_erkl\u00e4ren_Physio_Philipp_Schr\u00f6der-1024x683.jpg 1024w, https:\/\/physio-waidfuss.ch\/wp-content\/uploads\/2020\/03\/Befund_Wirbels\u00e4ule_erkl\u00e4ren_Physio_Philipp_Schr\u00f6der-768x512.jpg 768w, https:\/\/physio-waidfuss.ch\/wp-content\/uploads\/2020\/03\/Befund_Wirbels\u00e4ule_erkl\u00e4ren_Physio_Philipp_Schr\u00f6der-1536x1024.jpg 1536w, https:\/\/physio-waidfuss.ch\/wp-content\/uploads\/2020\/03\/Befund_Wirbels\u00e4ule_erkl\u00e4ren_Physio_Philipp_Schr\u00f6der-2048x1365.jpg 2048w, https:\/\/physio-waidfuss.ch\/wp-content\/uploads\/2020\/03\/Befund_Wirbels\u00e4ule_erkl\u00e4ren_Physio_Philipp_Schr\u00f6der-850x567.jpg 850w, https:\/\/physio-waidfuss.ch\/wp-content\/uploads\/2020\/03\/Befund_Wirbels\u00e4ule_erkl\u00e4ren_Physio_Philipp_Schr\u00f6der-600x400.jpg 600w, https:\/\/physio-waidfuss.ch\/wp-content\/uploads\/2020\/03\/Befund_Wirbels\u00e4ule_erkl\u00e4ren_Physio_Philipp_Schr\u00f6der-272x182.jpg 272w\" sizes=\"(min-width: 781px) 360px, calc(100vw - 30px)\" \/>\t\t\t\t\t\t\t<div class=\"featured-page--overlay\">\n\t\t\t\t\t\t\t\t\t\t\t\t\t\t\t\t\t<div class=\"overlay--center\">\n\t\t\t\t\t\t\t\t\t\t<span>Read more<\/span>\n\t\t\t\t\t\t\t\t\t<\/div>\n\t\t\t\t\t\t\t\t\t\t\t\t\t\t\t<\/div>\n\t\t\t\t\t\t<\/a>\n\t\t\t\t\t<\/div>\n\t\t\t\t\t\t\t\t<div class=\"featured-page--content\">\n\t\t\t\t\t<h4 class=\"featued-page--title\">\n\t\t\t\t\t\t<a href=\"https:\/\/physio-waidfuss.ch\/en\/?page_id=307\">Physiotherapy Zurich<\/a>\n\t\t\t\t\t<\/h4>\n\t\t\t\t\t\t\t\t\t\t\t<p>Your personal physiotherapy begins with a comprehensive assessment of your functional limitations and areas of pain. We call this a \"diagnosis\". We determine a treatment plan,...<\/p>\n\t\t\t\t\t\t\t\t\t\t\t\t\t\t\t\t<a href=\"https:\/\/physio-waidfuss.ch\/en\/?page_id=307\" class=\"text-link\">Read more<\/a>\n\t\t\t\t\t\t\t\t\t<\/div>\n\t\t\t<\/div>\n\n\t\t\t<\/div><\/div><div id=\"pgc-6393-3-2\"  class=\"panel-grid-cell\" ><div id=\"panel-6393-3-2-0\" class=\"so-panel widget widget_qt_feature_page widget-featured-page panel-first-child panel-last-child\" data-index=\"5\" >\n\t\t\t<div class=\"featured-page\">\n\t\t\t\t\t\t\t\t\t<div class=\"featured-page--image\">\n\t\t\t\t\t\t<a href=\"https:\/\/physio-waidfuss.ch\/en\/angebot\/tape\/\">\n\t\t\t\t\t\t\t<img decoding=\"async\" width=\"360\" height=\"240\" src=\"https:\/\/physio-waidfuss.ch\/wp-content\/uploads\/2020\/03\/Kinesiotape_Physio_Wipkingen-1-360x240.jpg\" class=\"attachment-physio-qt-featured-s size-physio-qt-featured-s\" alt=\"Tape Zurich - Kinesio Taping Physiotherapy Zurich Wipkingen\" srcset=\"https:\/\/physio-waidfuss.ch\/wp-content\/uploads\/2020\/03\/Kinesiotape_Physio_Wipkingen-1-360x240.jpg 360w, https:\/\/physio-waidfuss.ch\/wp-content\/uploads\/2020\/03\/Kinesiotape_Physio_Wipkingen-1-300x200.jpg 300w, https:\/\/physio-waidfuss.ch\/wp-content\/uploads\/2020\/03\/Kinesiotape_Physio_Wipkingen-1-1024x683.jpg 1024w, https:\/\/physio-waidfuss.ch\/wp-content\/uploads\/2020\/03\/Kinesiotape_Physio_Wipkingen-1-768x512.jpg 768w, https:\/\/physio-waidfuss.ch\/wp-content\/uploads\/2020\/03\/Kinesiotape_Physio_Wipkingen-1-1536x1024.jpg 1536w, https:\/\/physio-waidfuss.ch\/wp-content\/uploads\/2020\/03\/Kinesiotape_Physio_Wipkingen-1-2048x1365.jpg 2048w, https:\/\/physio-waidfuss.ch\/wp-content\/uploads\/2020\/03\/Kinesiotape_Physio_Wipkingen-1-850x567.jpg 850w, https:\/\/physio-waidfuss.ch\/wp-content\/uploads\/2020\/03\/Kinesiotape_Physio_Wipkingen-1-600x400.jpg 600w, https:\/\/physio-waidfuss.ch\/wp-content\/uploads\/2020\/03\/Kinesiotape_Physio_Wipkingen-1-272x182.jpg 272w\" sizes=\"(min-width: 781px) 360px, calc(100vw - 30px)\" \/>\t\t\t\t\t\t\t<div class=\"featured-page--overlay\">\n\t\t\t\t\t\t\t\t\t\t\t\t\t\t\t\t\t<div class=\"overlay--center\">\n\t\t\t\t\t\t\t\t\t\t<span>Read more<\/span>\n\t\t\t\t\t\t\t\t\t<\/div>\n\t\t\t\t\t\t\t\t\t\t\t\t\t\t\t<\/div>\n\t\t\t\t\t\t<\/a>\n\t\t\t\t\t<\/div>\n\t\t\t\t\t\t\t\t<div class=\"featured-page--content\">\n\t\t\t\t\t<h4 class=\"featued-page--title\">\n\t\t\t\t\t\t<a href=\"https:\/\/physio-waidfuss.ch\/en\/angebot\/tape\/\">Tape<\/a>\n\t\t\t\t\t<\/h4>\n\t\t\t\t\t\t\t\t\t\t\t<p>Sport Tape is a supportive measure for injuries. It has an influence on the pain receptors and on the<\/p>\n\t\t\t\t\t\t\t\t\t\t\t\t\t\t\t\t<a href=\"https:\/\/physio-waidfuss.ch\/en\/angebot\/tape\/\" class=\"text-link\">Read more<\/a>\n\t\t\t\t\t\t\t\t\t<\/div>\n\t\t\t<\/div>\n\n\t\t\t<\/div><\/div><div id=\"pgc-6393-3-3\"  class=\"panel-grid-cell\" ><div id=\"panel-6393-3-3-0\" class=\"so-panel widget widget_qt_feature_page widget-featured-page panel-first-child panel-last-child\" data-index=\"6\" >\n\t\t\t<div class=\"featured-page\">\n\t\t\t\t\t\t\t\t\t<div class=\"featured-page--image\">\n\t\t\t\t\t\t<a href=\"https:\/\/physio-waidfuss.ch\/en\/angebot\/triggerpunkt-dry-needling\/\">\n\t\t\t\t\t\t\t<img decoding=\"async\" width=\"360\" height=\"240\" src=\"https:\/\/physio-waidfuss.ch\/wp-content\/uploads\/2020\/03\/Triggerpunkttherapie_dryneedling_Physio_Waidfuss-360x240.jpg\" class=\"attachment-physio-qt-featured-s size-physio-qt-featured-s\" alt=\"Dry Needling Zurich - Trigger Point Therapy Zurich Wipkingen\" srcset=\"https:\/\/physio-waidfuss.ch\/wp-content\/uploads\/2020\/03\/Triggerpunkttherapie_dryneedling_Physio_Waidfuss-360x240.jpg 360w, https:\/\/physio-waidfuss.ch\/wp-content\/uploads\/2020\/03\/Triggerpunkttherapie_dryneedling_Physio_Waidfuss-300x200.jpg 300w, https:\/\/physio-waidfuss.ch\/wp-content\/uploads\/2020\/03\/Triggerpunkttherapie_dryneedling_Physio_Waidfuss-1024x683.jpg 1024w, https:\/\/physio-waidfuss.ch\/wp-content\/uploads\/2020\/03\/Triggerpunkttherapie_dryneedling_Physio_Waidfuss-768x512.jpg 768w, https:\/\/physio-waidfuss.ch\/wp-content\/uploads\/2020\/03\/Triggerpunkttherapie_dryneedling_Physio_Waidfuss-1536x1024.jpg 1536w, https:\/\/physio-waidfuss.ch\/wp-content\/uploads\/2020\/03\/Triggerpunkttherapie_dryneedling_Physio_Waidfuss-2048x1365.jpg 2048w, https:\/\/physio-waidfuss.ch\/wp-content\/uploads\/2020\/03\/Triggerpunkttherapie_dryneedling_Physio_Waidfuss-850x567.jpg 850w, https:\/\/physio-waidfuss.ch\/wp-content\/uploads\/2020\/03\/Triggerpunkttherapie_dryneedling_Physio_Waidfuss-600x400.jpg 600w, https:\/\/physio-waidfuss.ch\/wp-content\/uploads\/2020\/03\/Triggerpunkttherapie_dryneedling_Physio_Waidfuss-272x182.jpg 272w\" sizes=\"(min-width: 781px) 360px, calc(100vw - 30px)\" \/>\t\t\t\t\t\t\t<div class=\"featured-page--overlay\">\n\t\t\t\t\t\t\t\t\t\t\t\t\t\t\t\t\t<div class=\"overlay--center\">\n\t\t\t\t\t\t\t\t\t\t<span>Read more<\/span>\n\t\t\t\t\t\t\t\t\t<\/div>\n\t\t\t\t\t\t\t\t\t\t\t\t\t\t\t<\/div>\n\t\t\t\t\t\t<\/a>\n\t\t\t\t\t<\/div>\n\t\t\t\t\t\t\t\t<div class=\"featured-page--content\">\n\t\t\t\t\t<h4 class=\"featued-page--title\">\n\t\t\t\t\t\t<a href=\"https:\/\/physio-waidfuss.ch\/en\/angebot\/triggerpunkt-dry-needling\/\">Dry needling in Zurich Wipkingen \/ H\u00f6ngg<\/a>\n\t\t\t\t\t<\/h4>\n\t\t\t\t\t\t\t\t\t\t\t<p>Patients with constant pain often do not know how to help themselves. The manual trigger point therapy IMTT\u00ae is a method that very often leads to significant improvements.<\/p>\n\t\t\t\t\t\t\t\t\t\t\t\t\t\t\t\t<a href=\"https:\/\/physio-waidfuss.ch\/en\/angebot\/triggerpunkt-dry-needling\/\" class=\"text-link\">Read more<\/a>\n\t\t\t\t\t\t\t\t\t<\/div>\n\t\t\t<\/div>\n\n\t\t\t<\/div><\/div><\/div><div id=\"pg-6393-4\"  class=\"panel-grid panel-no-style\" ><div id=\"pgc-6393-4-0\"  class=\"panel-grid-cell\" ><div id=\"panel-6393-4-0-0\" class=\"so-panel widget widget_qt_recent_posts_block widget_post_block panel-first-child panel-last-child\" data-index=\"7\" >\n\t\t\t<div class=\"news-posts-block\">\n\n\t\t\t\t\t\t\t\t\t<h3 class=\"widget-title\">Physiological knowledge<\/h3>\n\t\t\t\t\t\t\t\t\t\t\t<a href=\"https:\/\/physio-waidfuss.ch\/en\/physiowissen\/\" class=\"text-link blog-more\">more information<\/a>\n\t\t\t\t\t\t\t\t\t\n\t\t\t\t<div class=\"row\">\n\t\t\t\t\t\t\t\t\t\t\n\t\t\t\t\t\t<div class=\"col-xs-12 col-sm-4 col-md-3\">\n\t\t\t\t\t\t\t<article class=\"news-post\">\n\t\t\t\t\t\t\t\t\t\t\t\t\t\t\t\t\t<div class=\"news-post--image\">\n\t\t\t\t\t\t\t\t\t\t<a href=\"https:\/\/physio-waidfuss.ch\/en\/lymphoedem\/\">\n\t\t\t\t\t\t\t\t\t\t\t<img decoding=\"async\" width=\"360\" height=\"180\" src=\"https:\/\/physio-waidfuss.ch\/wp-content\/uploads\/2025\/08\/iStock-1443971835-1-360x180.jpg\" class=\"attachment-physio-qt-news-s size-physio-qt-news-s\" alt=\"Lymphoedema in the legs\" srcset=\"\" sizes=\"(min-width: 781px) 360px, calc(100vw - 30px)\" \/> \n\t\t\t\t\t\t\t\t\t\t\t\t\t\t\t\t\t\t\t\t\t<\/a>\n\t\t\t\t\t\t\t\t\t<\/div>\n\t\t\t\t\t\t\t\t\t\t\t\t\t\t\t\t<div class=\"news-post--content\">\n\t\t\t\t\t\t\t\t\t<h4 class=\"news-post--title\">\n\t\t\t\t\t\t\t\t\t\t<a href=\"https:\/\/physio-waidfuss.ch\/en\/lymphoedem\/\">Lymphoedema of the legs<\/a>\n\t\t\t\t\t\t\t\t\t<\/h4>\n\n\t\t\t\t\t\t\t\t\t\t\t\t\t\t\t\t\t\t\t<p>\n\t\t\t\t\t                        Lymphatic drainage for lymphoedema of the legs: causes, symptoms, treatment and the five most important self-help tips Lymphoedema...\t\t\t\t\t                    <\/p>\n\t\t\t\t                \t\n\t\t\t\t                    \t\t\t\t                    \t<a href=\"https:\/\/physio-waidfuss.ch\/en\/lymphoedem\/\" class=\"text-link\">Read more<\/a>\n\t\t\t\t                    \t\t\t\t\t\t\t\t<\/div>\n\t\t\t\t\t\t\t<\/article>\n\t\t\t\t\t\t<\/div>\n\t\t\t\t\t\t\n\t\t\t\t\t\t\n\t\t\t\t\t\t<div class=\"col-xs-12 col-sm-4 col-md-3\">\n\t\t\t\t\t\t\t<article class=\"news-post\">\n\t\t\t\t\t\t\t\t\t\t\t\t\t\t\t\t\t<div class=\"news-post--image\">\n\t\t\t\t\t\t\t\t\t\t<a href=\"https:\/\/physio-waidfuss.ch\/en\/lymphdrainage-in-der-schwangerschaft\/\">\n\t\t\t\t\t\t\t\t\t\t\t<img decoding=\"async\" width=\"360\" height=\"180\" src=\"https:\/\/physio-waidfuss.ch\/wp-content\/uploads\/2025\/03\/iStock-1464104479-360x180.jpg\" class=\"attachment-physio-qt-news-s size-physio-qt-news-s\" alt=\"A pregnant woman sits with her legs stretched out and rests them on a chair. Pain and swelling in the legs during pregnancy.\" srcset=\"\" sizes=\"(min-width: 781px) 360px, calc(100vw - 30px)\" \/> \n\t\t\t\t\t\t\t\t\t\t\t\t\t\t\t\t\t\t\t\t\t<\/a>\n\t\t\t\t\t\t\t\t\t<\/div>\n\t\t\t\t\t\t\t\t\t\t\t\t\t\t\t\t<div class=\"news-post--content\">\n\t\t\t\t\t\t\t\t\t<h4 class=\"news-post--title\">\n\t\t\t\t\t\t\t\t\t\t<a href=\"https:\/\/physio-waidfuss.ch\/en\/lymphdrainage-in-der-schwangerschaft\/\">Lymphatic drainage during pregnancy<\/a>\n\t\t\t\t\t\t\t\t\t<\/h4>\n\n\t\t\t\t\t\t\t\t\t\t\t\t\t\t\t\t\t\t\t<p>\n\t\t\t\t\t                        Pregnancy and swollen legs? Try lymphatic drainage. Lymphatic drainage for pregnant women Lymphatic drainage...\t\t\t\t\t                    <\/p>\n\t\t\t\t                \t\n\t\t\t\t                    \t\t\t\t                    \t<a href=\"https:\/\/physio-waidfuss.ch\/en\/lymphdrainage-in-der-schwangerschaft\/\" class=\"text-link\">Read more<\/a>\n\t\t\t\t                    \t\t\t\t\t\t\t\t<\/div>\n\t\t\t\t\t\t\t<\/article>\n\t\t\t\t\t\t<\/div>\n\t\t\t\t\t\t\n\t\t\t\t\t\t\t\t\t\t<\/div>\n\t\t\t<\/div>\n\n\t\t\t<\/div><\/div><\/div><\/div>","protected":false},"excerpt":{"rendered":"<p>Manual lymphatic drainage Zurich is a physical application. It is especially useful for patients with water retention in the body or with bruises after falls or with edema after operations and trauma.<\/p>","protected":false},"author":1,"featured_media":8125,"parent":110,"menu_order":0,"comment_status":"closed","ping_status":"closed","template":"","meta":{"_acf_changed":false,"footnotes":""},"class_list":["post-6393","page","type-page","status-publish","has-post-thumbnail","hentry"],"acf":[],"_links":{"self":[{"href":"https:\/\/physio-waidfuss.ch\/en\/wp-json\/wp\/v2\/pages\/6393","targetHints":{"allow":["GET"]}}],"collection":[{"href":"https:\/\/physio-waidfuss.ch\/en\/wp-json\/wp\/v2\/pages"}],"about":[{"href":"https:\/\/physio-waidfuss.ch\/en\/wp-json\/wp\/v2\/types\/page"}],"author":[{"embeddable":true,"href":"https:\/\/physio-waidfuss.ch\/en\/wp-json\/wp\/v2\/users\/1"}],"replies":[{"embeddable":true,"href":"https:\/\/physio-waidfuss.ch\/en\/wp-json\/wp\/v2\/comments?post=6393"}],"version-history":[{"count":29,"href":"https:\/\/physio-waidfuss.ch\/en\/wp-json\/wp\/v2\/pages\/6393\/revisions"}],"predecessor-version":[{"id":10099,"href":"https:\/\/physio-waidfuss.ch\/en\/wp-json\/wp\/v2\/pages\/6393\/revisions\/10099"}],"up":[{"embeddable":true,"href":"https:\/\/physio-waidfuss.ch\/en\/wp-json\/wp\/v2\/pages\/110"}],"wp:featuredmedia":[{"embeddable":true,"href":"https:\/\/physio-waidfuss.ch\/en\/wp-json\/wp\/v2\/media\/8125"}],"wp:attachment":[{"href":"https:\/\/physio-waidfuss.ch\/en\/wp-json\/wp\/v2\/media?parent=6393"}],"curies":[{"name":"wp","href":"https:\/\/api.w.org\/{rel}","templated":true}]}}