{"id":6397,"date":"2015-12-28T20:04:19","date_gmt":"2015-12-28T20:04:19","guid":{"rendered":"http:\/\/export-xml.qreativethemes.com\/physio\/?page_id=6397"},"modified":"2025-08-26T16:00:38","modified_gmt":"2025-08-26T16:00:38","slug":"movement","status":"publish","type":"page","link":"https:\/\/physio-waidfuss.ch\/en\/angebot\/bewegung\/","title":{"rendered":"Functional movement training (FBL) in Zurich Wipkingen \/ H\u00f6ngg"},"content":{"rendered":"<div id=\"pl-6397\"  class=\"panel-layout\" ><div id=\"pg-6397-0\"  class=\"panel-grid panel-no-style\" ><div id=\"pgc-6397-0-0\"  class=\"panel-grid-cell\" ><div id=\"panel-6397-0-0-0\" class=\"so-panel widget widget_sow-editor panel-first-child panel-last-child\" data-index=\"0\" ><div\n\t\t\t\n\t\t\tclass=\"so-widget-sow-editor so-widget-sow-editor-base\"\n\t\t\t\n\t\t><h3 class=\"widget-title\">Functional Movement Theory (FBL)<\/h3>\n<div class=\"siteorigin-widget-tinymce textwidget\">\n\t<h2><span style=\"font-size: 32px;\">Observe movement behavior with FBL<\/span><\/h2>\n<p>Problems with your musculoskeletal system or pain can occur without you knowing exactly where it comes from. Either it comes directly from the muscle, the myofascial area (<a href=\"https:\/\/physio-waidfuss.ch\/angebot\/triggerpunkt-dry-needling\/\">Trigger point, dry needling<\/a>), or it is due to the posture or the movement sequences. With the <a href=\"http:\/\/www.fbl-klein-vogelbach.org\" target=\"_blank\" rel=\"noopener\">Functional Movement Theory (FBL)<\/a> we closely examine your movement sequences and give you homework to improve and consolidate your posture in movement. Our therapists are very skilled in movement diagnostics, can quickly identify abnormalities and specifically address them in therapy.<\/p>\n<h2>Movement<\/h2>\n<p>Defined observation criteria form the basis for the precise analysis. These refer to all joints of your body, to static positions as well as to your movement sequences. After all, it definitely plays a role in your physical and mental well-being how harmoniously, how coordinated and to what extent and in what rhythm the movements you make every day, for example, when walking, working or doing sports, are executed.<\/p>\n<hr \/>\n<\/div>\n<\/div><\/div><\/div><\/div><div id=\"pg-6397-1\"  class=\"panel-grid panel-no-style\" ><div id=\"pgc-6397-1-0\"  class=\"panel-grid-cell\" ><div id=\"panel-6397-1-0-0\" class=\"so-panel widget widget_sow-editor panel-first-child panel-last-child\" data-index=\"1\" ><div\n\t\t\t\n\t\t\tclass=\"so-widget-sow-editor so-widget-sow-editor-base\"\n\t\t\t\n\t\t><h3 class=\"widget-title\">Movement is guided<\/h3>\n<div class=\"siteorigin-widget-tinymce textwidget\">\n\t<p><img decoding=\"async\" class=\"Physiotherapie Waidfuss  alignnone wp-image-8127\" title=\"Posture training for better movement\" src=\"https:\/\/physio-waidfuss.ch\/wp-content\/uploads\/2020\/03\/Physiotherapie_Wipkingen_Pezziball-1-300x200.jpg\" alt=\"Movement with FBL, Physiotherapy H\u00f6ngg shows you the best way to move \" width=\"827\" height=\"551\" srcset=\"https:\/\/physio-waidfuss.ch\/wp-content\/uploads\/2020\/03\/Physiotherapie_Wipkingen_Pezziball-1-300x200.jpg 300w, https:\/\/physio-waidfuss.ch\/wp-content\/uploads\/2020\/03\/Physiotherapie_Wipkingen_Pezziball-1-1024x683.jpg 1024w, https:\/\/physio-waidfuss.ch\/wp-content\/uploads\/2020\/03\/Physiotherapie_Wipkingen_Pezziball-1-768x512.jpg 768w, https:\/\/physio-waidfuss.ch\/wp-content\/uploads\/2020\/03\/Physiotherapie_Wipkingen_Pezziball-1-1536x1024.jpg 1536w, https:\/\/physio-waidfuss.ch\/wp-content\/uploads\/2020\/03\/Physiotherapie_Wipkingen_Pezziball-1-2048x1365.jpg 2048w, https:\/\/physio-waidfuss.ch\/wp-content\/uploads\/2020\/03\/Physiotherapie_Wipkingen_Pezziball-1-360x240.jpg 360w, https:\/\/physio-waidfuss.ch\/wp-content\/uploads\/2020\/03\/Physiotherapie_Wipkingen_Pezziball-1-850x567.jpg 850w, https:\/\/physio-waidfuss.ch\/wp-content\/uploads\/2020\/03\/Physiotherapie_Wipkingen_Pezziball-1-600x400.jpg 600w, https:\/\/physio-waidfuss.ch\/wp-content\/uploads\/2020\/03\/Physiotherapie_Wipkingen_Pezziball-1-272x182.jpg 272w\" sizes=\"(max-width: 827px) 100vw, 827px\" \/><\/p>\n<\/div>\n<\/div><\/div><\/div><div id=\"pgc-6397-1-1\"  class=\"panel-grid-cell\" ><div id=\"panel-6397-1-1-0\" class=\"so-panel widget widget_sow-editor panel-first-child panel-last-child\" data-index=\"2\" ><div\n\t\t\t\n\t\t\tclass=\"so-widget-sow-editor so-widget-sow-editor-base\"\n\t\t\t\n\t\t><h3 class=\"widget-title\">Physiotherapists explain the problem<\/h3>\n<div class=\"siteorigin-widget-tinymce textwidget\">\n\t<p><img decoding=\"async\" class=\"Bewegung ist super um Arthrose zu lindern  alignnone wp-image-8118\" title=\"Exercise helps with osteoarthritis\" src=\"https:\/\/physio-waidfuss.ch\/wp-content\/uploads\/2020\/03\/Befund_Wirbels\u00e4ule_erkl\u00e4ren_Physio_Philipp_Schr\u00f6der-300x200.jpg\" alt=\"Exercise is very important for osteoarthritis\" width=\"824\" height=\"549\" srcset=\"https:\/\/physio-waidfuss.ch\/wp-content\/uploads\/2020\/03\/Befund_Wirbels\u00e4ule_erkl\u00e4ren_Physio_Philipp_Schr\u00f6der-300x200.jpg 300w, https:\/\/physio-waidfuss.ch\/wp-content\/uploads\/2020\/03\/Befund_Wirbels\u00e4ule_erkl\u00e4ren_Physio_Philipp_Schr\u00f6der-1024x683.jpg 1024w, https:\/\/physio-waidfuss.ch\/wp-content\/uploads\/2020\/03\/Befund_Wirbels\u00e4ule_erkl\u00e4ren_Physio_Philipp_Schr\u00f6der-768x512.jpg 768w, https:\/\/physio-waidfuss.ch\/wp-content\/uploads\/2020\/03\/Befund_Wirbels\u00e4ule_erkl\u00e4ren_Physio_Philipp_Schr\u00f6der-1536x1024.jpg 1536w, https:\/\/physio-waidfuss.ch\/wp-content\/uploads\/2020\/03\/Befund_Wirbels\u00e4ule_erkl\u00e4ren_Physio_Philipp_Schr\u00f6der-2048x1365.jpg 2048w, https:\/\/physio-waidfuss.ch\/wp-content\/uploads\/2020\/03\/Befund_Wirbels\u00e4ule_erkl\u00e4ren_Physio_Philipp_Schr\u00f6der-360x240.jpg 360w, https:\/\/physio-waidfuss.ch\/wp-content\/uploads\/2020\/03\/Befund_Wirbels\u00e4ule_erkl\u00e4ren_Physio_Philipp_Schr\u00f6der-850x567.jpg 850w, https:\/\/physio-waidfuss.ch\/wp-content\/uploads\/2020\/03\/Befund_Wirbels\u00e4ule_erkl\u00e4ren_Physio_Philipp_Schr\u00f6der-600x400.jpg 600w, https:\/\/physio-waidfuss.ch\/wp-content\/uploads\/2020\/03\/Befund_Wirbels\u00e4ule_erkl\u00e4ren_Physio_Philipp_Schr\u00f6der-272x182.jpg 272w\" sizes=\"(max-width: 824px) 100vw, 824px\" \/><\/p>\n<\/div>\n<\/div><\/div><\/div><\/div><div id=\"pg-6397-2\"  class=\"panel-grid panel-no-style\" ><div id=\"pgc-6397-2-0\"  class=\"panel-grid-cell\" ><div id=\"panel-6397-2-0-0\" class=\"so-panel widget widget_sow-editor panel-first-child panel-last-child\" data-index=\"3\" ><div\n\t\t\t\n\t\t\tclass=\"so-widget-sow-editor so-widget-sow-editor-base\"\n\t\t\t\n\t\t>\n<div class=\"siteorigin-widget-tinymce textwidget\">\n\t<h2>What is Functional Movement Science?<\/h2>\n<p>Based on defined criteria, we observe all joint sequences of the body, its static positions and the entire movement behavior. The trained eye of our therapists discovers disharmonies in the movement or coordination problems in relation to rhythm and extent of the movement sequences, which can then be specifically corrected to alleviate your complaints.<\/p>\n<\/div>\n<\/div><\/div><\/div><div id=\"pgc-6397-2-1\"  class=\"panel-grid-cell\" ><div id=\"panel-6397-2-1-0\" class=\"so-panel widget widget_sow-editor panel-first-child panel-last-child\" data-index=\"4\" ><div\n\t\t\t\n\t\t\tclass=\"so-widget-sow-editor so-widget-sow-editor-base\"\n\t\t\t\n\t\t>\n<div class=\"siteorigin-widget-tinymce textwidget\">\n\t<h3>How exactly does Functional Movement Therapy work?<\/h3>\n<p>After the precise analysis by the FBL has shown your problem points in the musculoskeletal system exactly, your movement sequences are now optimized step by step by the measures individually adapted to you. The execution of the exercises, which are individually adapted to you, contribute with regular application purposefully and quickly to the relief of your complaints and promote a harmonious and coordinated movement sequence in the physiological sense.<\/p>\n<\/div>\n<\/div><\/div><\/div><\/div><\/div>","protected":false},"excerpt":{"rendered":"<p>Defined observation criteria are the basis for the precise analysis. They refer to all joints of your body, to static positions as well as to your movement.<\/p>","protected":false},"author":1,"featured_media":8127,"parent":110,"menu_order":0,"comment_status":"closed","ping_status":"closed","template":"","meta":{"_acf_changed":false,"footnotes":""},"class_list":["post-6397","page","type-page","status-publish","has-post-thumbnail","hentry"],"acf":[],"_links":{"self":[{"href":"https:\/\/physio-waidfuss.ch\/en\/wp-json\/wp\/v2\/pages\/6397","targetHints":{"allow":["GET"]}}],"collection":[{"href":"https:\/\/physio-waidfuss.ch\/en\/wp-json\/wp\/v2\/pages"}],"about":[{"href":"https:\/\/physio-waidfuss.ch\/en\/wp-json\/wp\/v2\/types\/page"}],"author":[{"embeddable":true,"href":"https:\/\/physio-waidfuss.ch\/en\/wp-json\/wp\/v2\/users\/1"}],"replies":[{"embeddable":true,"href":"https:\/\/physio-waidfuss.ch\/en\/wp-json\/wp\/v2\/comments?post=6397"}],"version-history":[{"count":16,"href":"https:\/\/physio-waidfuss.ch\/en\/wp-json\/wp\/v2\/pages\/6397\/revisions"}],"predecessor-version":[{"id":11156,"href":"https:\/\/physio-waidfuss.ch\/en\/wp-json\/wp\/v2\/pages\/6397\/revisions\/11156"}],"up":[{"embeddable":true,"href":"https:\/\/physio-waidfuss.ch\/en\/wp-json\/wp\/v2\/pages\/110"}],"wp:featuredmedia":[{"embeddable":true,"href":"https:\/\/physio-waidfuss.ch\/en\/wp-json\/wp\/v2\/media\/8127"}],"wp:attachment":[{"href":"https:\/\/physio-waidfuss.ch\/en\/wp-json\/wp\/v2\/media?parent=6397"}],"curies":[{"name":"wp","href":"https:\/\/api.w.org\/{rel}","templated":true}]}}