{"id":7483,"date":"2015-11-25T21:38:30","date_gmt":"2015-11-25T21:38:30","guid":{"rendered":"http:\/\/export-xml.qreativethemes.com\/physio\/?page_id=2"},"modified":"2025-02-02T18:41:30","modified_gmt":"2025-02-02T18:41:30","slug":"physiotherapists","status":"publish","type":"page","link":"https:\/\/physio-waidfuss.ch\/en\/physiotherapeuten\/","title":{"rendered":"About us"},"content":{"rendered":"<div id=\"pl-7483\"  class=\"panel-layout\" ><div id=\"pg-7483-0\"  class=\"panel-grid panel-no-style\" ><div id=\"pgc-7483-0-0\"  class=\"panel-grid-cell\" ><div id=\"panel-7483-0-0-0\" class=\"so-panel widget widget_sow-editor panel-first-child panel-last-child\" data-index=\"0\" ><div\n\t\t\t\n\t\t\tclass=\"so-widget-sow-editor so-widget-sow-editor-base\"\n\t\t\t\n\t\t><h3 class=\"widget-title\">Our philosophy<\/h3>\n<div class=\"siteorigin-widget-tinymce textwidget\">\n\t<h2 dir=\"ltr\" data-placeholder=\"\u00dcbersetzung\">Your physiotherapists in Zurich<\/h2>\n<p id=\"tw-target-text\" class=\"tw-data-text tw-text-large tw-ta\" dir=\"ltr\" data-placeholder=\"\u00dcbersetzung\"><span lang=\"de\"><a href=\"https:\/\/physioswiss.ch\/praxen\/60727\/physiotherapie-waidfuss\/\" target=\"_blank\" rel=\"noopener\">Physiotherapy Waidfuss<\/a> strives to provide high-quality, outpatient physiotherapy services in bright and comfortable surroundings. <strong>modern premises<\/strong> where you feel comfortable. Our focus on the further training of our physiotherapists <\/span><span lang=\"de\">guarantees that we understand the latest treatment approaches and rehabilitation techniques for all types of injuries and illnesses and put them into practice.<\/span><\/p>\n<p dir=\"ltr\" data-placeholder=\"\u00dcbersetzung\"><span lang=\"de\">As medical professionals, we are committed to helping our patients regain or sustain their pursuit of health, fitness and well-being. <\/span>Your health in the best hands - Our recognized <strong>Physiotherapy in Zurich<\/strong> offers you individual treatment plans for lasting pain relief and freedom of movement<\/p>\n<\/div>\n<\/div><\/div><\/div><\/div><div id=\"pg-7483-1\"  class=\"panel-grid panel-no-style\" ><div id=\"pgc-7483-1-0\"  class=\"panel-grid-cell\" ><div id=\"panel-7483-1-0-0\" class=\"so-panel widget widget_text panel-first-child panel-last-child\" data-index=\"1\" ><h3 class=\"widget-title\">Our physiotherapists<\/h3>\t\t\t<div class=\"textwidget\"><\/div>\n\t\t<\/div><\/div><\/div><div id=\"pg-7483-2\"  class=\"panel-grid panel-no-style\" ><div id=\"pgc-7483-2-0\"  class=\"panel-grid-cell\" ><div id=\"panel-7483-2-0-0\" class=\"so-panel widget widget_qt_team_member widget-team-member panel-first-child panel-last-child\" data-index=\"2\" >\n\t\t\t<div class=\"team-member\">\n\t\t\t\t\t\t\t\t\t<div class=\"team-member--image\">\n\t\t\t\t\t\t\t\t\t\t\t\t\t<img decoding=\"async\" width=\"2333\" height=\"1829\" src=\"https:\/\/physio-waidfuss.ch\/wp-content\/uploads\/2024\/08\/qhpIktlc-e1724164150212.jpeg\" class=\"attachment-full size-full\" alt=\"Physiotherapist Waidfuss Wipkingen H\u00f6ngg\" srcset=\"https:\/\/physio-waidfuss.ch\/wp-content\/uploads\/2024\/08\/qhpIktlc-e1724164150212.jpeg 2333w, https:\/\/physio-waidfuss.ch\/wp-content\/uploads\/2024\/08\/qhpIktlc-e1724164150212-300x235.jpeg 300w, https:\/\/physio-waidfuss.ch\/wp-content\/uploads\/2024\/08\/qhpIktlc-e1724164150212-1024x803.jpeg 1024w, https:\/\/physio-waidfuss.ch\/wp-content\/uploads\/2024\/08\/qhpIktlc-e1724164150212-768x602.jpeg 768w, https:\/\/physio-waidfuss.ch\/wp-content\/uploads\/2024\/08\/qhpIktlc-e1724164150212-1536x1204.jpeg 1536w, https:\/\/physio-waidfuss.ch\/wp-content\/uploads\/2024\/08\/qhpIktlc-e1724164150212-2048x1606.jpeg 2048w, https:\/\/physio-waidfuss.ch\/wp-content\/uploads\/2024\/08\/qhpIktlc-e1724164150212-15x12.jpeg 15w\" sizes=\"(max-width: 2333px) 100vw, 2333px\" \/>\t\t\t\t\t\t\t\t\t\t\t\t\t\t\t\t\t\t<div class=\"team-member--social\">\n\t\t\t\t\t\t\t<div class=\"overlay--center\">\n\t\t\t\t\t\t\t\t\t\t\t\t\t\t\t\t\t\t\t\t\t\t\t\t\t\t\t\t\t\t\t\t\t\t\t\t\t\t\t\t\t\t\t\t\t\t\t\t\t\t\t\t\t\t\t\t\t<a href=\"mailto:heussler@physio-waidfuss.ch\" aria-label=\"Email\"><i class=\"fas fa-envelope\"><\/i><\/a>\n\t\t\t\t\t\t\t\t\t\t\t\t\t\t\t\t\t\t\t\t\t\t\t\t\t<a href=\"tel:0445859949\" aria-label=\"Phone\"><i class=\"fas fa-phone-alt\"><\/i><\/a>\n\t\t\t\t\t\t\t\t\t\t\t\t\t\t\t<\/div>\n\t\t\t\t\t\t<\/div>\n\t\t\t\t\t\t\t\t\t\t\t\t\t\t\t\t\t\t\t<a href=\"https:\/\/physio-waidfuss.ch\/moana-heussler-zuerich-wipkingen-und-hoengg\/\" aria-label=\"More\" class=\"link-overlay\"><\/a>\n\t\t\t\t\t\t\t\t\t\t\t<\/div>\n\t\t\t\t\t\t\t\t<div class=\"team-member--content\">\n\t\t\t\t\t<h4 class=\"team-member--name\">\n\t\t\t\t\t\t\t\t\t\t\t\t\t<a href=\"https:\/\/physio-waidfuss.ch\/moana-heussler-zuerich-wipkingen-und-hoengg\/\">\n\t\t\t\t\t\t\t\t\t\t\t\tMoana Heussler\t\t\t\t\t\t<\/a>\t\t\t\t\t<\/h4>\n\t\t\t\t\t\t\t\t\t\t\t<span class=\"team-member--tag\">Physiotherapist<\/span>\n\t\t\t\t\t\t\t\t\t\t\t\t\t\t\t\t<p class=\"team-member--description\">Moana Heussler is a qualified physiotherapist with a Bachelor's degree. She has extensive experience in the treatment of orthopaedic problems, particularly in the area of the lower extremities. She acquired this expertise primarily while working at Balgrist University Hospital.\nHer passion lies in precisely identifying the causes of complaints and developing solutions together with her patients. Her therapy always focuses on the person as a whole and her enthusiasm for movement and the mechanisms of healing.<\/p>\n\t\t\t\t\t\t\t\t\t\t\t\t\t\t\t\t<a href=\"https:\/\/physio-waidfuss.ch\/moana-heussler-zuerich-wipkingen-und-hoengg\/\" class=\"text-link\">More<\/a>\n\t\t\t\t\t\t\t\t\t<\/div>\n\t\t\t<\/div>\n\n\t\t\t<\/div><\/div><div id=\"pgc-7483-2-1\"  class=\"panel-grid-cell\" ><div id=\"panel-7483-2-1-0\" class=\"so-panel widget widget_qt_team_member widget-team-member panel-first-child panel-last-child\" data-index=\"3\" >\n\t\t\t<div class=\"team-member\">\n\t\t\t\t\t\t\t\t\t<div class=\"team-member--image\">\n\t\t\t\t\t\t\t\t\t\t\t\t\t<img decoding=\"async\" width=\"2500\" height=\"1881\" src=\"https:\/\/physio-waidfuss.ch\/wp-content\/uploads\/2023\/02\/Chiara_Richter_Physiotherapeutin_Waidfuss-e1675277370397.jpg\" class=\"attachment-full size-full\" alt=\"Chiara Richter Physiotherapist Wipkingen\" srcset=\"https:\/\/physio-waidfuss.ch\/wp-content\/uploads\/2023\/02\/Chiara_Richter_Physiotherapeutin_Waidfuss-e1675277370397.jpg 2500w, https:\/\/physio-waidfuss.ch\/wp-content\/uploads\/2023\/02\/Chiara_Richter_Physiotherapeutin_Waidfuss-e1675277370397-300x226.jpg 300w, https:\/\/physio-waidfuss.ch\/wp-content\/uploads\/2023\/02\/Chiara_Richter_Physiotherapeutin_Waidfuss-e1675277370397-1024x770.jpg 1024w, https:\/\/physio-waidfuss.ch\/wp-content\/uploads\/2023\/02\/Chiara_Richter_Physiotherapeutin_Waidfuss-e1675277370397-768x578.jpg 768w, https:\/\/physio-waidfuss.ch\/wp-content\/uploads\/2023\/02\/Chiara_Richter_Physiotherapeutin_Waidfuss-e1675277370397-1536x1156.jpg 1536w, https:\/\/physio-waidfuss.ch\/wp-content\/uploads\/2023\/02\/Chiara_Richter_Physiotherapeutin_Waidfuss-e1675277370397-2048x1541.jpg 2048w, https:\/\/physio-waidfuss.ch\/wp-content\/uploads\/2023\/02\/Chiara_Richter_Physiotherapeutin_Waidfuss-e1675277370397-16x12.jpg 16w\" sizes=\"(max-width: 2500px) 100vw, 2500px\" \/>\t\t\t\t\t\t\t\t\t\t\t\t\t\t\t\t\t\t<div class=\"team-member--social\">\n\t\t\t\t\t\t\t<div class=\"overlay--center\">\n\t\t\t\t\t\t\t\t\t\t\t\t\t\t\t\t\t\t\t\t\t\t\t\t\t\t\t\t\t\t\t\t\t\t\t\t\t\t\t\t\t\t\t\t\t\t\t\t\t\t\t\t\t\t\t\t\t<a href=\"mailto:richter@physio-waidfuss.ch\" aria-label=\"Email\"><i class=\"fas fa-envelope\"><\/i><\/a>\n\t\t\t\t\t\t\t\t\t\t\t\t\t\t\t\t\t\t\t\t\t\t\t\t\t<a href=\"tel:044 585 99 49\" aria-label=\"Phone\"><i class=\"fas fa-phone-alt\"><\/i><\/a>\n\t\t\t\t\t\t\t\t\t\t\t\t\t\t\t<\/div>\n\t\t\t\t\t\t<\/div>\n\t\t\t\t\t\t\t\t\t\t\t\t\t\t\t\t\t\t\t<a href=\"https:\/\/physio-waidfuss.ch\/chiara-richter\/\" aria-label=\"More\" class=\"link-overlay\"><\/a>\n\t\t\t\t\t\t\t\t\t\t\t<\/div>\n\t\t\t\t\t\t\t\t<div class=\"team-member--content\">\n\t\t\t\t\t<h4 class=\"team-member--name\">\n\t\t\t\t\t\t\t\t\t\t\t\t\t<a href=\"https:\/\/physio-waidfuss.ch\/chiara-richter\/\">\n\t\t\t\t\t\t\t\t\t\t\t\tChiara Richter\t\t\t\t\t\t<\/a>\t\t\t\t\t<\/h4>\n\t\t\t\t\t\t\t\t\t\t\t<span class=\"team-member--tag\">Physiotherapist<\/span>\n\t\t\t\t\t\t\t\t\t\t\t\t\t\t\t\t<p class=\"team-member--description\">I have been part of the team at Physiotherapie Waidfuss in Zurich since the beginning of 2023. I completed my training at the University Hospital Giessen\/Marburg in Germany and then gained important experience at the outpatient rehabilitation center in Marburg. Since I was recognized by the Swiss Red Cross (SRC) in 2023, I have also been allowed to work as a physiotherapist here in Switzerland.<\/p>\n\t\t\t\t\t\t\t\t\t\t\t\t\t\t\t\t<a href=\"https:\/\/physio-waidfuss.ch\/chiara-richter\/\" class=\"text-link\">More<\/a>\n\t\t\t\t\t\t\t\t\t<\/div>\n\t\t\t<\/div>\n\n\t\t\t<\/div><\/div><div id=\"pgc-7483-2-2\"  class=\"panel-grid-cell\" ><div id=\"panel-7483-2-2-0\" class=\"so-panel widget widget_qt_team_member widget-team-member panel-first-child panel-last-child\" data-index=\"4\" >\n\t\t\t<div class=\"team-member\">\n\t\t\t\t\t\t\t\t\t<div class=\"team-member--image\">\n\t\t\t\t\t\t\t\t\t\t\t\t\t<img decoding=\"async\" width=\"821\" height=\"606\" src=\"https:\/\/physio-waidfuss.ch\/wp-content\/uploads\/2022\/10\/Philipp_Schroeder_Physiotherapie_Zuerich-e1665669760975.jpg\" class=\"attachment-full size-full\" alt=\"Philipp Schr\u00f6der - Ihr Physiotherapie In Zuerich Wipkingen\" srcset=\"https:\/\/physio-waidfuss.ch\/wp-content\/uploads\/2022\/10\/Philipp_Schroeder_Physiotherapie_Zuerich-e1665669760975.jpg 821w, https:\/\/physio-waidfuss.ch\/wp-content\/uploads\/2022\/10\/Philipp_Schroeder_Physiotherapie_Zuerich-e1665669760975-300x221.jpg 300w, https:\/\/physio-waidfuss.ch\/wp-content\/uploads\/2022\/10\/Philipp_Schroeder_Physiotherapie_Zuerich-e1665669760975-768x567.jpg 768w, https:\/\/physio-waidfuss.ch\/wp-content\/uploads\/2022\/10\/Philipp_Schroeder_Physiotherapie_Zuerich-e1665669760975-16x12.jpg 16w\" sizes=\"(max-width: 821px) 100vw, 821px\" \/>\t\t\t\t\t\t\t\t\t\t\t\t\t\t\t\t\t\t<div class=\"team-member--social\">\n\t\t\t\t\t\t\t<div class=\"overlay--center\">\n\t\t\t\t\t\t\t\t\t\t\t\t\t\t\t\t\t\t\t\t\t\t\t\t\t\t\t\t\t\t\t\t\t\t\t\t\t\t\t\t\t\t\t\t\t\t\t\t\t\t\t\t\t\t\t\t\t<a href=\"mailto:schroeder@physio-waidfuss.ch\" aria-label=\"Email\"><i class=\"fas fa-envelope\"><\/i><\/a>\n\t\t\t\t\t\t\t\t\t\t\t\t\t\t\t\t\t\t\t\t\t\t\t\t\t<a href=\"tel:0445859949\" aria-label=\"Phone\"><i class=\"fas fa-phone-alt\"><\/i><\/a>\n\t\t\t\t\t\t\t\t\t\t\t\t\t\t\t<\/div>\n\t\t\t\t\t\t<\/div>\n\t\t\t\t\t\t\t\t\t\t\t\t\t\t\t\t\t\t\t<a href=\"https:\/\/physio-waidfuss.ch\/philipp-schroeder\/\" aria-label=\"More\" class=\"link-overlay\"><\/a>\n\t\t\t\t\t\t\t\t\t\t\t<\/div>\n\t\t\t\t\t\t\t\t<div class=\"team-member--content\">\n\t\t\t\t\t<h4 class=\"team-member--name\">\n\t\t\t\t\t\t\t\t\t\t\t\t\t<a href=\"https:\/\/physio-waidfuss.ch\/philipp-schroeder\/\">\n\t\t\t\t\t\t\t\t\t\t\t\tPhilipp Schr\u00f6der\t\t\t\t\t\t<\/a>\t\t\t\t\t<\/h4>\n\t\t\t\t\t\t\t\t\t\t\t<span class=\"team-member--tag\">Physiotherapist<\/span>\n\t\t\t\t\t\t\t\t\t\t\t\t\t\t\t\t<p class=\"team-member--description\">Philipp Schr\u00f6der is a qualified physiotherapist and certified trigger point therapist IMTT\u00ae with many years of experience. He is also a trained sports and gymnastics teacher, active recreational athlete and happy family dad.<\/p>\n\t\t\t\t\t\t\t\t\t\t\t\t\t\t\t\t<a href=\"https:\/\/physio-waidfuss.ch\/philipp-schroeder\/\" class=\"text-link\">More<\/a>\n\t\t\t\t\t\t\t\t\t<\/div>\n\t\t\t<\/div>\n\n\t\t\t<\/div><\/div><\/div><div id=\"pg-7483-3\"  class=\"panel-grid panel-no-style\" ><div id=\"pgc-7483-3-0\"  class=\"panel-grid-cell\" ><div id=\"panel-7483-3-0-0\" class=\"so-panel widget widget_sow-editor panel-first-child panel-last-child\" data-index=\"5\" ><div\n\t\t\t\n\t\t\tclass=\"so-widget-sow-editor so-widget-sow-editor-base\"\n\t\t\t\n\t\t>\n<div class=\"siteorigin-widget-tinymce textwidget\">\n\t<p><div data-src=\"https:\/\/cdn.trustindex.io\/loader.js?fd4bf5c409253088ba46946f1c9\"><\/div><\/p>\n<\/div>\n<\/div><\/div><\/div><\/div><div id=\"pg-7483-4\"  class=\"panel-grid panel-no-style\" ><div id=\"pgc-7483-4-0\"  class=\"panel-grid-cell\" ><div id=\"panel-7483-4-0-0\" class=\"so-panel widget widget_sow-editor panel-first-child panel-last-child\" data-index=\"6\" ><div\n\t\t\t\n\t\t\tclass=\"so-widget-sow-editor so-widget-sow-editor-base\"\n\t\t\t\n\t\t><h3 class=\"widget-title\">Our goals<\/h3>\n<div class=\"siteorigin-widget-tinymce textwidget\">\n\t<h2>High quality<\/h2>\n<p>Our experienced <a href=\"https:\/\/physio-waidfuss.ch\/therapeuten\/\">Physiotherapists<\/a> pursue a goal-oriented approach to healing. Whatever your health goals are, our specialists will help you to achieve them. Your own commitment also plays a key role in this.<\/p>\n<h3>Comprehensive patient care<\/h3>\n<p><img decoding=\"async\" class=\"Physiotherapie Z\u00fcrich wp-image-8126 alignleft\" title=\"Physiotherapists H\u00f6ngg Zurich\" src=\"https:\/\/physio-waidfuss.ch\/wp-content\/uploads\/2020\/03\/physiotherapie_H\u00f6ngg_Teraband-1-300x200.jpg\" alt=\"Physiotherapists Zurich Wipkingen\" width=\"254\" height=\"169\" srcset=\"\" sizes=\"(max-width: 254px) 100vw, 254px\" data-srcset=\"\" \/><\/p>\n<p>Our <a href=\"https:\/\/physioswiss.ch\/praxissuche\/?view=list\" target=\"_blank\" rel=\"noopener\">Physiotherapists<\/a> offer practical treatments and exercises that you can do at home. Through these methods, you can actively participate in your recovery and promote your future physical health. Our <a href=\"https:\/\/physio-waidfuss.ch\/angebot\/physiotherapie-zuerich\/\">Physiotherapy<\/a> for long-term health helps you to sustainably improve your mobility and quality of life.<\/p>\n<h3>Professional Service<\/h3>\n<p>Our physiotherapists have extensive experience from practice and competitive sport. They are passionate and committed to helping you stay active and mobile. Our goal-oriented approach to healing, combined with practical treatments and exercises to do at home, ensures that you achieve your health goals effectively.<\/p>\n<\/div>\n<\/div><\/div><\/div><\/div><\/div>","protected":false},"excerpt":{"rendered":"<p>Ihre Physiotherapeuten in Z\u00fcrich Physiotherapie Waidfuss ist bestrebt, qualitativ hochwertige, ambulante physiotherapeutische Dienstleistungen in hellen und modernen R\u00e4umlichkeiten anzubieten, in denen man sich wohl f\u00fchlt. Unser Fokus auf die Weiterbildung unserer Physiotherapeut*innen garantiert, dass wir die neuesten Behandlungsans\u00e4tze und Rehabilitationstechniken f\u00fcr alle Arten von Verletzungen und Erkrankungen verstehen und diese in der Praxis umsetzen. Wir [&hellip;]<\/p>\n","protected":false},"author":1,"featured_media":0,"parent":0,"menu_order":0,"comment_status":"closed","ping_status":"closed","template":"","meta":{"_acf_changed":false,"footnotes":""},"class_list":["post-7483","page","type-page","status-publish","hentry"],"acf":[],"_links":{"self":[{"href":"https:\/\/physio-waidfuss.ch\/en\/wp-json\/wp\/v2\/pages\/7483","targetHints":{"allow":["GET"]}}],"collection":[{"href":"https:\/\/physio-waidfuss.ch\/en\/wp-json\/wp\/v2\/pages"}],"about":[{"href":"https:\/\/physio-waidfuss.ch\/en\/wp-json\/wp\/v2\/types\/page"}],"author":[{"embeddable":true,"href":"https:\/\/physio-waidfuss.ch\/en\/wp-json\/wp\/v2\/users\/1"}],"replies":[{"embeddable":true,"href":"https:\/\/physio-waidfuss.ch\/en\/wp-json\/wp\/v2\/comments?post=7483"}],"version-history":[{"count":40,"href":"https:\/\/physio-waidfuss.ch\/en\/wp-json\/wp\/v2\/pages\/7483\/revisions"}],"predecessor-version":[{"id":10690,"href":"https:\/\/physio-waidfuss.ch\/en\/wp-json\/wp\/v2\/pages\/7483\/revisions\/10690"}],"wp:attachment":[{"href":"https:\/\/physio-waidfuss.ch\/en\/wp-json\/wp\/v2\/media?parent=7483"}],"curies":[{"name":"wp","href":"https:\/\/api.w.org\/{rel}","templated":true}]}}