{"id":7836,"date":"2020-03-17T19:47:34","date_gmt":"2020-03-17T19:47:34","guid":{"rendered":"https:\/\/physio-waidfuss.ch\/?page_id=7836"},"modified":"2025-02-08T03:04:17","modified_gmt":"2025-02-08T03:04:17","slug":"temporomandibular-joint-therapy","status":"publish","type":"page","link":"https:\/\/physio-waidfuss.ch\/en\/angebot\/kiefergelenkstherapie\/","title":{"rendered":"TMJ therapy in Zurich Wipkingen \/ H\u00f6ngg"},"content":{"rendered":"<div id=\"pl-7836\"  class=\"panel-layout\" ><div id=\"pg-7836-0\"  class=\"panel-grid panel-no-style\" ><div id=\"pgc-7836-0-0\"  class=\"panel-grid-cell\" ><div id=\"panel-7836-0-0-0\" class=\"so-panel widget widget_sow-editor panel-first-child panel-last-child\" data-index=\"0\" ><div\n\t\t\t\n\t\t\tclass=\"so-widget-sow-editor so-widget-sow-editor-base\"\n\t\t\t\n\t\t><h3 class=\"widget-title\">Jaw pain and headache<\/h3>\n<div class=\"siteorigin-widget-tinymce textwidget\">\n\t<h2>Jaw pain, headaches and migraines<\/h2>\n<p>How often do patients suffer from teeth grinding, TMJ, ear, head and back pain, dizziness, migraine or shoulder tension?! It often starts with a tense feeling in the jaw area in the morning after getting up. Later on, neck tension or toothache are added to the problem. But many also suffer from headaches or migraines.<\/p>\n<p>When the jaw joint suffers, the surrounding structures are also affected. This is because the masseter muscle is the strongest muscle in your body. It allows the lower and upper jaws to bite together. This creates enormous forces and levers that could move over 80 kilograms. Of course, this means conversely that stresses or functional restrictions that act on the masseter muscle and jaw are also compensated for by the surrounding muscles.<\/p>\n<p>The good news is, you can do something about these muscular and joint problems!<\/p>\n<hr \/>\n<\/div>\n<\/div><\/div><\/div><\/div><div id=\"pg-7836-1\"  class=\"panel-grid panel-no-style\" ><div id=\"pgc-7836-1-0\"  class=\"panel-grid-cell\" ><div id=\"panel-7836-1-0-0\" class=\"so-panel widget widget_sow-editor panel-first-child panel-last-child\" data-index=\"1\" ><div\n\t\t\t\n\t\t\tclass=\"so-widget-sow-editor so-widget-sow-editor-base\"\n\t\t\t\n\t\t><h3 class=\"widget-title\">CMD - temporomandibular joint therapy<\/h3>\n<div class=\"siteorigin-widget-tinymce textwidget\">\n\t<p><img decoding=\"async\" class=\"Muskulatur am Kiefer wird mit Triggerpunkttherapie behandelt  alignnone wp-image-8119\" title=\"CMD temporomandibular joint therapy in the mouth \" src=\"https:\/\/physio-waidfuss.ch\/wp-content\/uploads\/2020\/03\/cmd_kiefer_schmerz_Physio_Waidfuss-300x200.jpg\" alt=\"TMJ therapy in Zurich\" width=\"849\" height=\"566\" srcset=\"https:\/\/physio-waidfuss.ch\/wp-content\/uploads\/2020\/03\/cmd_kiefer_schmerz_Physio_Waidfuss-300x200.jpg 300w, https:\/\/physio-waidfuss.ch\/wp-content\/uploads\/2020\/03\/cmd_kiefer_schmerz_Physio_Waidfuss-1024x683.jpg 1024w, https:\/\/physio-waidfuss.ch\/wp-content\/uploads\/2020\/03\/cmd_kiefer_schmerz_Physio_Waidfuss-768x512.jpg 768w, https:\/\/physio-waidfuss.ch\/wp-content\/uploads\/2020\/03\/cmd_kiefer_schmerz_Physio_Waidfuss-1536x1024.jpg 1536w, https:\/\/physio-waidfuss.ch\/wp-content\/uploads\/2020\/03\/cmd_kiefer_schmerz_Physio_Waidfuss-2048x1365.jpg 2048w, https:\/\/physio-waidfuss.ch\/wp-content\/uploads\/2020\/03\/cmd_kiefer_schmerz_Physio_Waidfuss-360x240.jpg 360w, https:\/\/physio-waidfuss.ch\/wp-content\/uploads\/2020\/03\/cmd_kiefer_schmerz_Physio_Waidfuss-850x567.jpg 850w, https:\/\/physio-waidfuss.ch\/wp-content\/uploads\/2020\/03\/cmd_kiefer_schmerz_Physio_Waidfuss-600x400.jpg 600w, https:\/\/physio-waidfuss.ch\/wp-content\/uploads\/2020\/03\/cmd_kiefer_schmerz_Physio_Waidfuss-272x182.jpg 272w\" sizes=\"(max-width: 849px) 100vw, 849px\" \/><\/p>\n<p><a href=\"http:\/\/export-xml.qreativethemes.com\/physio\/wp-content\/uploads\/sites\/3\/2015\/11\/850x567.png\" target=\"_blank\" rel=\"noopener\">\u00a0<\/a><\/p>\n<p>&nbsp;<\/p>\n<\/div>\n<\/div><\/div><\/div><div id=\"pgc-7836-1-1\"  class=\"panel-grid-cell\" ><div id=\"panel-7836-1-1-0\" class=\"so-panel widget widget_sow-editor panel-first-child panel-last-child\" data-index=\"2\" ><div\n\t\t\t\n\t\t\tclass=\"so-widget-sow-editor so-widget-sow-editor-base\"\n\t\t\t\n\t\t><h3 class=\"widget-title\">Physiotherapy on the jaw <\/h3>\n<div class=\"siteorigin-widget-tinymce textwidget\">\n\t<h2>Temporomandibular joint therapy (craniomanibular therapy - CMD)<\/h2>\n<p>This is where TMJ therapy comes in as a special field of physiotherapy, which our therapists perform in close cooperation with dentists and orthodontists. After a systematic diagnosis through observation of the jaw movement processes, we create your therapy plan: the temporomandibular joint apparatus is mobilized, the structures in the head, jaw and spine region are loosened, the disturbance factors are identified and treated.<\/p>\n<p>&nbsp;<\/p>\n<\/div>\n<\/div><\/div><\/div><\/div><div id=\"pg-7836-2\"  class=\"panel-grid panel-no-style\" ><div id=\"pgc-7836-2-0\"  class=\"panel-grid-cell\" ><div id=\"panel-7836-2-0-0\" class=\"so-panel widget widget_sow-editor panel-first-child panel-last-child\" data-index=\"3\" ><div\n\t\t\t\n\t\t\tclass=\"so-widget-sow-editor so-widget-sow-editor-base\"\n\t\t\t\n\t\t><h3 class=\"widget-title\">Jaw, spine and headaches <\/h3>\n<div class=\"siteorigin-widget-tinymce textwidget\">\n\t<h2>Connection with cervical spine (cervical spine) and headaches<\/h2>\n<p>The close connections of the jaw to the head and the cervical spine, which interlock, as well as the enormous power potential of the jaw muscles, mean that pain can also radiate into the head and cervical spine.<\/p>\n<p>Manual trigger point therapy or dry needling is often used to treat the surrounding muscles of the jaw. Muscles often radiate directly into the temporomandibular joint or the teeth. Pain in the teeth can therefore also be triggered by the muscles.<\/p>\n<\/div>\n<\/div><\/div><\/div><\/div><div id=\"pg-7836-3\"  class=\"panel-grid panel-no-style\" ><div id=\"pgc-7836-3-0\"  class=\"panel-grid-cell\" ><div id=\"panel-7836-3-0-0\" class=\"so-panel widget widget_sow-editor panel-first-child panel-last-child\" data-index=\"4\" ><div\n\t\t\t\n\t\t\tclass=\"so-widget-sow-editor so-widget-sow-editor-base\"\n\t\t\t\n\t\t>\n<div class=\"siteorigin-widget-tinymce textwidget\">\n\t<h2>Further offer:<\/h2>\n<\/div>\n<\/div><\/div><\/div><\/div><div id=\"pg-7836-4\"  class=\"panel-grid panel-no-style\" ><div id=\"pgc-7836-4-0\"  class=\"panel-grid-cell\" ><div id=\"panel-7836-4-0-0\" class=\"so-panel widget widget_qt_feature_page widget-featured-page panel-first-child panel-last-child\" data-index=\"5\" >\n\t\t\t<div class=\"featured-page\">\n\t\t\t\t\t\t\t\t\t<div class=\"featured-page--image\">\n\t\t\t\t\t\t<a href=\"https:\/\/physio-waidfuss.ch\/en\/angebot\/triggerpunkt-dry-needling\/\">\n\t\t\t\t\t\t\t<img decoding=\"async\" width=\"360\" height=\"240\" src=\"https:\/\/physio-waidfuss.ch\/wp-content\/uploads\/2020\/03\/Triggerpunkttherapie_dryneedling_Physio_Waidfuss-360x240.jpg\" class=\"attachment-physio-qt-featured-s size-physio-qt-featured-s\" alt=\"Dry Needling Zurich - Trigger Point Therapy Zurich Wipkingen\" srcset=\"https:\/\/physio-waidfuss.ch\/wp-content\/uploads\/2020\/03\/Triggerpunkttherapie_dryneedling_Physio_Waidfuss-360x240.jpg 360w, https:\/\/physio-waidfuss.ch\/wp-content\/uploads\/2020\/03\/Triggerpunkttherapie_dryneedling_Physio_Waidfuss-300x200.jpg 300w, https:\/\/physio-waidfuss.ch\/wp-content\/uploads\/2020\/03\/Triggerpunkttherapie_dryneedling_Physio_Waidfuss-1024x683.jpg 1024w, https:\/\/physio-waidfuss.ch\/wp-content\/uploads\/2020\/03\/Triggerpunkttherapie_dryneedling_Physio_Waidfuss-768x512.jpg 768w, https:\/\/physio-waidfuss.ch\/wp-content\/uploads\/2020\/03\/Triggerpunkttherapie_dryneedling_Physio_Waidfuss-1536x1024.jpg 1536w, https:\/\/physio-waidfuss.ch\/wp-content\/uploads\/2020\/03\/Triggerpunkttherapie_dryneedling_Physio_Waidfuss-2048x1365.jpg 2048w, https:\/\/physio-waidfuss.ch\/wp-content\/uploads\/2020\/03\/Triggerpunkttherapie_dryneedling_Physio_Waidfuss-850x567.jpg 850w, https:\/\/physio-waidfuss.ch\/wp-content\/uploads\/2020\/03\/Triggerpunkttherapie_dryneedling_Physio_Waidfuss-600x400.jpg 600w, https:\/\/physio-waidfuss.ch\/wp-content\/uploads\/2020\/03\/Triggerpunkttherapie_dryneedling_Physio_Waidfuss-272x182.jpg 272w\" sizes=\"(min-width: 781px) 360px, calc(100vw - 30px)\" \/>\t\t\t\t\t\t\t<div class=\"featured-page--overlay\">\n\t\t\t\t\t\t\t\t\t\t\t\t\t\t\t\t\t<div class=\"overlay--center\">\n\t\t\t\t\t\t\t\t\t\t<span>Read more<\/span>\n\t\t\t\t\t\t\t\t\t<\/div>\n\t\t\t\t\t\t\t\t\t\t\t\t\t\t\t<\/div>\n\t\t\t\t\t\t<\/a>\n\t\t\t\t\t<\/div>\n\t\t\t\t\t\t\t\t<div class=\"featured-page--content\">\n\t\t\t\t\t<h4 class=\"featued-page--title\">\n\t\t\t\t\t\t<a href=\"https:\/\/physio-waidfuss.ch\/en\/angebot\/triggerpunkt-dry-needling\/\">Dry needling in Zurich Wipkingen \/ H\u00f6ngg<\/a>\n\t\t\t\t\t<\/h4>\n\t\t\t\t\t\t\t\t\t\t\t<p>Patients with constant pain often do not know how to help themselves. The manual trigger point therapy IMTT\u00ae is a method that very often leads to significant improvements.<\/p>\n\t\t\t\t\t\t\t\t\t\t\t\t\t\t\t\t<a href=\"https:\/\/physio-waidfuss.ch\/en\/angebot\/triggerpunkt-dry-needling\/\" class=\"text-link\">Read more<\/a>\n\t\t\t\t\t\t\t\t\t<\/div>\n\t\t\t<\/div>\n\n\t\t\t<\/div><\/div><div id=\"pgc-7836-4-1\"  class=\"panel-grid-cell\" ><div id=\"panel-7836-4-1-0\" class=\"so-panel widget widget_qt_feature_page widget-featured-page panel-first-child panel-last-child\" data-index=\"6\" >\n\t\t\t<div class=\"featured-page\">\n\t\t\t\t\t\t\t\t\t<div class=\"featured-page--image\">\n\t\t\t\t\t\t<a href=\"https:\/\/physio-waidfuss.ch\/en\/angebot\/manuelle-therapie\/\">\n\t\t\t\t\t\t\t<img decoding=\"async\" width=\"360\" height=\"240\" src=\"https:\/\/physio-waidfuss.ch\/wp-content\/uploads\/2020\/03\/Schulter_befund_Sportphysio_Wipkingen-360x240.jpg\" class=\"attachment-physio-qt-featured-s size-physio-qt-featured-s\" alt=\"Manual Therapy Zurich - Physiotherapy Waidfuss H\u00f6ngg\" srcset=\"https:\/\/physio-waidfuss.ch\/wp-content\/uploads\/2020\/03\/Schulter_befund_Sportphysio_Wipkingen-360x240.jpg 360w, https:\/\/physio-waidfuss.ch\/wp-content\/uploads\/2020\/03\/Schulter_befund_Sportphysio_Wipkingen-300x200.jpg 300w, https:\/\/physio-waidfuss.ch\/wp-content\/uploads\/2020\/03\/Schulter_befund_Sportphysio_Wipkingen-1024x683.jpg 1024w, https:\/\/physio-waidfuss.ch\/wp-content\/uploads\/2020\/03\/Schulter_befund_Sportphysio_Wipkingen-768x513.jpg 768w, https:\/\/physio-waidfuss.ch\/wp-content\/uploads\/2020\/03\/Schulter_befund_Sportphysio_Wipkingen-1536x1025.jpg 1536w, https:\/\/physio-waidfuss.ch\/wp-content\/uploads\/2020\/03\/Schulter_befund_Sportphysio_Wipkingen-2048x1367.jpg 2048w, https:\/\/physio-waidfuss.ch\/wp-content\/uploads\/2020\/03\/Schulter_befund_Sportphysio_Wipkingen-850x567.jpg 850w, https:\/\/physio-waidfuss.ch\/wp-content\/uploads\/2020\/03\/Schulter_befund_Sportphysio_Wipkingen-600x400.jpg 600w, https:\/\/physio-waidfuss.ch\/wp-content\/uploads\/2020\/03\/Schulter_befund_Sportphysio_Wipkingen-272x182.jpg 272w, https:\/\/physio-waidfuss.ch\/wp-content\/uploads\/2020\/03\/Schulter_befund_Sportphysio_Wipkingen-scaled-e1737017281714.jpg 1200w\" sizes=\"(min-width: 781px) 360px, calc(100vw - 30px)\" \/>\t\t\t\t\t\t\t<div class=\"featured-page--overlay\">\n\t\t\t\t\t\t\t\t\t\t\t\t\t\t\t\t\t<div class=\"overlay--center\">\n\t\t\t\t\t\t\t\t\t\t<span>Read more<\/span>\n\t\t\t\t\t\t\t\t\t<\/div>\n\t\t\t\t\t\t\t\t\t\t\t\t\t\t\t<\/div>\n\t\t\t\t\t\t<\/a>\n\t\t\t\t\t<\/div>\n\t\t\t\t\t\t\t\t<div class=\"featured-page--content\">\n\t\t\t\t\t<h4 class=\"featued-page--title\">\n\t\t\t\t\t\t<a href=\"https:\/\/physio-waidfuss.ch\/en\/angebot\/manuelle-therapie\/\">Manual therapy in Zurich Wipkingen \/ H\u00f6ngg<\/a>\n\t\t\t\t\t<\/h4>\n\t\t\t\t\t\t\t\t\t\t\t<p>Manual therapy treats all functional disorders of the musculoskeletal system. Classical manual therapy was developed for the mobilization of movement...<\/p>\n\t\t\t\t\t\t\t\t\t\t\t\t\t\t\t\t<a href=\"https:\/\/physio-waidfuss.ch\/en\/angebot\/manuelle-therapie\/\" class=\"text-link\">Read more<\/a>\n\t\t\t\t\t\t\t\t\t<\/div>\n\t\t\t<\/div>\n\n\t\t\t<\/div><\/div><div id=\"pgc-7836-4-2\"  class=\"panel-grid-cell\" ><div id=\"panel-7836-4-2-0\" class=\"so-panel widget widget_qt_feature_page widget-featured-page panel-first-child panel-last-child\" data-index=\"7\" >\n\t\t\t<div class=\"featured-page\">\n\t\t\t\t\t\t\t\t\t<div class=\"featured-page--image\">\n\t\t\t\t\t\t<a href=\"https:\/\/physio-waidfuss.ch\/en\/angebot\/manuelle-lymphdrainage\/\">\n\t\t\t\t\t\t\t<img decoding=\"async\" width=\"360\" height=\"240\" src=\"https:\/\/physio-waidfuss.ch\/wp-content\/uploads\/2020\/03\/Manuelle_Knie_Physio_Waidfuss-360x240.jpg\" class=\"attachment-physio-qt-featured-s size-physio-qt-featured-s\" alt=\"Manual lymphatic drainage Zurich: Physiotherapy Wipkingen &amp; H\u00f6ngg\" srcset=\"https:\/\/physio-waidfuss.ch\/wp-content\/uploads\/2020\/03\/Manuelle_Knie_Physio_Waidfuss-360x240.jpg 360w, https:\/\/physio-waidfuss.ch\/wp-content\/uploads\/2020\/03\/Manuelle_Knie_Physio_Waidfuss-300x200.jpg 300w, https:\/\/physio-waidfuss.ch\/wp-content\/uploads\/2020\/03\/Manuelle_Knie_Physio_Waidfuss-1024x683.jpg 1024w, https:\/\/physio-waidfuss.ch\/wp-content\/uploads\/2020\/03\/Manuelle_Knie_Physio_Waidfuss-768x512.jpg 768w, https:\/\/physio-waidfuss.ch\/wp-content\/uploads\/2020\/03\/Manuelle_Knie_Physio_Waidfuss-1536x1024.jpg 1536w, https:\/\/physio-waidfuss.ch\/wp-content\/uploads\/2020\/03\/Manuelle_Knie_Physio_Waidfuss-2048x1365.jpg 2048w, https:\/\/physio-waidfuss.ch\/wp-content\/uploads\/2020\/03\/Manuelle_Knie_Physio_Waidfuss-850x567.jpg 850w, https:\/\/physio-waidfuss.ch\/wp-content\/uploads\/2020\/03\/Manuelle_Knie_Physio_Waidfuss-600x400.jpg 600w, https:\/\/physio-waidfuss.ch\/wp-content\/uploads\/2020\/03\/Manuelle_Knie_Physio_Waidfuss-272x182.jpg 272w\" sizes=\"(min-width: 781px) 360px, calc(100vw - 30px)\" \/>\t\t\t\t\t\t\t<div class=\"featured-page--overlay\">\n\t\t\t\t\t\t\t\t\t\t\t\t\t\t\t\t\t<div class=\"overlay--center\">\n\t\t\t\t\t\t\t\t\t\t<span>Read more<\/span>\n\t\t\t\t\t\t\t\t\t<\/div>\n\t\t\t\t\t\t\t\t\t\t\t\t\t\t\t<\/div>\n\t\t\t\t\t\t<\/a>\n\t\t\t\t\t<\/div>\n\t\t\t\t\t\t\t\t<div class=\"featured-page--content\">\n\t\t\t\t\t<h4 class=\"featued-page--title\">\n\t\t\t\t\t\t<a href=\"https:\/\/physio-waidfuss.ch\/en\/angebot\/manuelle-lymphdrainage\/\">Manual lymphatic drainage (MLD) in Zurich Wipkingen \/ H\u00f6ngg<\/a>\n\t\t\t\t\t<\/h4>\n\t\t\t\t\t\t\t\t\t\t\t<p>Manual lymphatic drainage Zurich is a physical treatment. It is particularly useful for patients with water retention in the body or with bruising after falls or with...<\/p>\n\t\t\t\t\t\t\t\t\t\t\t\t\t\t\t\t<a href=\"https:\/\/physio-waidfuss.ch\/en\/angebot\/manuelle-lymphdrainage\/\" class=\"text-link\">Read more<\/a>\n\t\t\t\t\t\t\t\t\t<\/div>\n\t\t\t<\/div>\n\n\t\t\t<\/div><\/div><div id=\"pgc-7836-4-3\"  class=\"panel-grid-cell\" ><div id=\"panel-7836-4-3-0\" class=\"so-panel widget widget_qt_feature_page widget-featured-page panel-first-child panel-last-child\" data-index=\"8\" >\n\t\t\t<div class=\"featured-page\">\n\t\t\t\t\t\t\t\t\t<div class=\"featured-page--image\">\n\t\t\t\t\t\t<a href=\"https:\/\/physio-waidfuss.ch\/en\/?page_id=307\">\n\t\t\t\t\t\t\t<img decoding=\"async\" width=\"360\" height=\"240\" src=\"https:\/\/physio-waidfuss.ch\/wp-content\/uploads\/2020\/03\/Befund_Wirbels\u00e4ule_erkl\u00e4ren_Physio_Philipp_Schr\u00f6der-360x240.jpg\" class=\"attachment-physio-qt-featured-s size-physio-qt-featured-s\" alt=\"Physiotherapy Zuerich - Physiotherapy Waidfuss Wipkingen\" srcset=\"https:\/\/physio-waidfuss.ch\/wp-content\/uploads\/2020\/03\/Befund_Wirbels\u00e4ule_erkl\u00e4ren_Physio_Philipp_Schr\u00f6der-360x240.jpg 360w, https:\/\/physio-waidfuss.ch\/wp-content\/uploads\/2020\/03\/Befund_Wirbels\u00e4ule_erkl\u00e4ren_Physio_Philipp_Schr\u00f6der-300x200.jpg 300w, https:\/\/physio-waidfuss.ch\/wp-content\/uploads\/2020\/03\/Befund_Wirbels\u00e4ule_erkl\u00e4ren_Physio_Philipp_Schr\u00f6der-1024x683.jpg 1024w, https:\/\/physio-waidfuss.ch\/wp-content\/uploads\/2020\/03\/Befund_Wirbels\u00e4ule_erkl\u00e4ren_Physio_Philipp_Schr\u00f6der-768x512.jpg 768w, https:\/\/physio-waidfuss.ch\/wp-content\/uploads\/2020\/03\/Befund_Wirbels\u00e4ule_erkl\u00e4ren_Physio_Philipp_Schr\u00f6der-1536x1024.jpg 1536w, https:\/\/physio-waidfuss.ch\/wp-content\/uploads\/2020\/03\/Befund_Wirbels\u00e4ule_erkl\u00e4ren_Physio_Philipp_Schr\u00f6der-2048x1365.jpg 2048w, https:\/\/physio-waidfuss.ch\/wp-content\/uploads\/2020\/03\/Befund_Wirbels\u00e4ule_erkl\u00e4ren_Physio_Philipp_Schr\u00f6der-850x567.jpg 850w, https:\/\/physio-waidfuss.ch\/wp-content\/uploads\/2020\/03\/Befund_Wirbels\u00e4ule_erkl\u00e4ren_Physio_Philipp_Schr\u00f6der-600x400.jpg 600w, https:\/\/physio-waidfuss.ch\/wp-content\/uploads\/2020\/03\/Befund_Wirbels\u00e4ule_erkl\u00e4ren_Physio_Philipp_Schr\u00f6der-272x182.jpg 272w\" sizes=\"(min-width: 781px) 360px, calc(100vw - 30px)\" \/>\t\t\t\t\t\t\t<div class=\"featured-page--overlay\">\n\t\t\t\t\t\t\t\t\t\t\t\t\t\t\t\t\t<div class=\"overlay--center\">\n\t\t\t\t\t\t\t\t\t\t<span>Read more<\/span>\n\t\t\t\t\t\t\t\t\t<\/div>\n\t\t\t\t\t\t\t\t\t\t\t\t\t\t\t<\/div>\n\t\t\t\t\t\t<\/a>\n\t\t\t\t\t<\/div>\n\t\t\t\t\t\t\t\t<div class=\"featured-page--content\">\n\t\t\t\t\t<h4 class=\"featued-page--title\">\n\t\t\t\t\t\t<a href=\"https:\/\/physio-waidfuss.ch\/en\/?page_id=307\">Physiotherapy Zurich<\/a>\n\t\t\t\t\t<\/h4>\n\t\t\t\t\t\t\t\t\t\t\t<p>Your personal physiotherapy begins with a comprehensive assessment of your functional limitations and areas of pain. We call this a \"diagnosis\". We determine a treatment plan,...<\/p>\n\t\t\t\t\t\t\t\t\t\t\t\t\t\t\t\t<a href=\"https:\/\/physio-waidfuss.ch\/en\/?page_id=307\" class=\"text-link\">Read more<\/a>\n\t\t\t\t\t\t\t\t\t<\/div>\n\t\t\t<\/div>\n\n\t\t\t<\/div><\/div><\/div><\/div>","protected":false},"excerpt":{"rendered":"<p>TMJ therapy helps patients who suffer from teeth grinding, TMJ, ear, head and back pain, dizziness, migraine or shoulder tension! Often it starts with a tense feeling in the jaw area in the morning after getting up. Later on, neck tension or toothache are added. But many also suffer from headaches or migraines.<\/p>","protected":false},"author":1,"featured_media":8119,"parent":110,"menu_order":0,"comment_status":"closed","ping_status":"closed","template":"","meta":{"_acf_changed":false,"footnotes":""},"class_list":["post-7836","page","type-page","status-publish","has-post-thumbnail","hentry"],"acf":[],"_links":{"self":[{"href":"https:\/\/physio-waidfuss.ch\/en\/wp-json\/wp\/v2\/pages\/7836","targetHints":{"allow":["GET"]}}],"collection":[{"href":"https:\/\/physio-waidfuss.ch\/en\/wp-json\/wp\/v2\/pages"}],"about":[{"href":"https:\/\/physio-waidfuss.ch\/en\/wp-json\/wp\/v2\/types\/page"}],"author":[{"embeddable":true,"href":"https:\/\/physio-waidfuss.ch\/en\/wp-json\/wp\/v2\/users\/1"}],"replies":[{"embeddable":true,"href":"https:\/\/physio-waidfuss.ch\/en\/wp-json\/wp\/v2\/comments?post=7836"}],"version-history":[{"count":24,"href":"https:\/\/physio-waidfuss.ch\/en\/wp-json\/wp\/v2\/pages\/7836\/revisions"}],"predecessor-version":[{"id":10759,"href":"https:\/\/physio-waidfuss.ch\/en\/wp-json\/wp\/v2\/pages\/7836\/revisions\/10759"}],"up":[{"embeddable":true,"href":"https:\/\/physio-waidfuss.ch\/en\/wp-json\/wp\/v2\/pages\/110"}],"wp:featuredmedia":[{"embeddable":true,"href":"https:\/\/physio-waidfuss.ch\/en\/wp-json\/wp\/v2\/media\/8119"}],"wp:attachment":[{"href":"https:\/\/physio-waidfuss.ch\/en\/wp-json\/wp\/v2\/media?parent=7836"}],"curies":[{"name":"wp","href":"https:\/\/api.w.org\/{rel}","templated":true}]}}