{"id":8821,"date":"2020-12-07T08:26:13","date_gmt":"2020-12-07T08:26:13","guid":{"rendered":"https:\/\/physio-waidfuss.ch\/?page_id=8821"},"modified":"2025-05-05T12:21:41","modified_gmt":"2025-05-05T12:21:41","slug":"philipp-schroeder","status":"publish","type":"page","link":"https:\/\/physio-waidfuss.ch\/en\/philipp-schroeder\/","title":{"rendered":"Philipp Schr\u00f6der"},"content":{"rendered":"<div id=\"pl-8821\"  class=\"panel-layout\" ><div id=\"pg-8821-0\"  class=\"panel-grid panel-no-style\" ><div id=\"pgc-8821-0-0\"  class=\"panel-grid-cell\" ><div id=\"panel-8821-0-0-0\" class=\"so-panel widget widget_sow-editor panel-first-child\" data-index=\"0\" ><div\n\t\t\t\n\t\t\tclass=\"so-widget-sow-editor so-widget-sow-editor-base\"\n\t\t\t\n\t\t><h3 class=\"widget-title\">Philipp Schr\u00f6der <\/h3>\n<div class=\"siteorigin-widget-tinymce textwidget\">\n\t<p><img decoding=\"async\" class=\"Physiotherapeuten Wipkingen aligncenter wp-image-9318\" title=\"Physiotherapy Kreis10 Wipkingen H\u00f6ngg Zurich\" src=\"https:\/\/physio-waidfuss.ch\/wp-content\/uploads\/2022\/10\/Philipp_Schroeder_Physiotherapie_Zuerich-1024x819.jpg\" alt=\"Philipp Schr\u00f6der Physiotherapist Waidfuss Wipkingen Zurich\" width=\"822\" height=\"658\" \/><\/p>\n<\/div>\n<\/div><\/div><div id=\"panel-8821-0-0-1\" class=\"so-panel widget widget_sow-editor panel-last-child\" data-index=\"1\" ><div\n\t\t\t\n\t\t\tclass=\"so-widget-sow-editor so-widget-sow-editor-base\"\n\t\t\t\n\t\t><h3 class=\"widget-title\">Philipp Schr\u00f6der<\/h3>\n<div class=\"siteorigin-widget-tinymce textwidget\">\n\t<p>Philipp Schr\u00f6der is the head physiotherapist and founder of the <strong>Physiotherapy Waidfuss<\/strong> in Zurich, with a wide range of treatments in the areas of classical physiotherapy, sports physiotherapy and specific procedures such as <strong>Trigger point therapy, dry needling and manual lymphatic drainage<\/strong>. His training and experience spans many years, including working with professional athletes, which distinguishes his expertise particularly in sports rehabilitation. The practice follows a patient-centered philosophy and offers modern therapeutic approaches in a welcoming environment to promote the health and quality of life of each patient individually<\/p>\n<p>&nbsp;<\/p>\n<p class=\" translation-block\"><span style=\"color: #56afd5;font-size: 15px\"><strong>Education and\u00a0<\/strong><\/span><span style=\"color: #56afd5\"><span style=\"font-size: 15px\"><b>Career<\/b><\/span><\/span><\/p>\n<p>Philipp Schr\u00f6der is a certified physiotherapist and certified <a href=\"https:\/\/www.imtt.ch\" target=\"_blank\" rel=\"noopener\">Trigger Point Therapist IMTT\u00ae<\/a> with many years of experience. He is also a trained sports and gymnastics teacher, active recreational athlete and happy family dad.<\/p>\n<p>For four years, Philipp Schr\u00f6der coached professional road cyclists for the <a href=\"https:\/\/de.wikipedia.org\/wiki\/Team_Gerolsteiner\" target=\"_blank\" rel=\"noopener\">Teams Gerolsteiner<\/a> and <a href=\"https:\/\/de.wikipedia.org\/wiki\/Cerv\u00e9lo_TestTeam\" target=\"_blank\" rel=\"noopener\">Cerv\u00e9lo TestTeam<\/a>. He then worked for several years in a practice in Zurich and became self-employed in Arni, Aargau in 2016. In 2020 he founded the physiotherapy Waidfuss in Zurich, where he also lives privately.<\/p>\n<p>&nbsp;<\/p>\n<\/div>\n<\/div><\/div><\/div><\/div><div id=\"pg-8821-1\"  class=\"panel-grid panel-no-style\" ><div id=\"pgc-8821-1-0\"  class=\"panel-grid-cell\" ><div id=\"panel-8821-1-0-0\" class=\"so-panel widget widget_sow-editor panel-first-child panel-last-child\" data-index=\"2\" ><div\n\t\t\t\n\t\t\tclass=\"so-widget-sow-editor so-widget-sow-editor-base\"\n\t\t\t\n\t\t>\n<div class=\"siteorigin-widget-tinymce textwidget\">\n\t<p><span style=\"color: #56afd5; font-size: 15px;\"><strong>Vita and qualifications<\/strong><\/span><\/p>\n<table style=\"height: 1394px;\" width=\"774\">\n<tbody>\n<tr>\n<td width=\"160\">2025 to 2026<\/td>\n<td width=\"280\"><strong>in training<\/strong> to Neuroathletics - Trainer \/\/ Lars Lienhard<\/td>\n<\/tr>\n<tr>\n<td width=\"160\">since 2020<\/td>\n<td width=\"280\">Self-employed Physiotherapist with his own practice,<br \/>\n<strong>Waidfuss Practice, Zurich<\/strong><\/td>\n<\/tr>\n<tr>\n<td width=\"160\">2021<\/td>\n<td width=\"280\">\n<div class=\"page\" title=\"Page 1\">\n<div class=\"layoutArea\">\n<div class=\"column\">\n<p>Workshop with R.Gautschi Hip and Groin Pain IMTT\u00ae<\/p>\n<\/div>\n<\/div>\n<\/div>\n<\/td>\n<\/tr>\n<tr>\n<td width=\"160\">2019<\/td>\n<td width=\"280\">Certified Dry Needling and Trigger Point Therapist IMTT\u00ae.<\/td>\n<\/tr>\n<tr>\n<td width=\"160\">2010-2019<\/td>\n<td width=\"280\">Education IMTT\u00ae in  Dry Needling and Trigger point therapy<\/td>\n<\/tr>\n<tr>\n<td width=\"160\">2017<\/td>\n<td width=\"280\">Medical Flossing Education<\/td>\n<\/tr>\n<tr>\n<td width=\"160\">2016-2020<\/td>\n<td width=\"280\">Self-employed physiotherapist,<br \/>\n<strong>Physiotherapy Kelleramt, Arni<\/strong><\/td>\n<\/tr>\n<tr>\n<td width=\"160\">2015<\/td>\n<td width=\"280\">Dry Needling Test (IMTT)<\/td>\n<\/tr>\n<tr>\n<td width=\"160\">2010-2014<\/td>\n<td width=\"280\">Manual therapy (AVT-College) MET 1, 2 ,3 ,E1 , E2, Shoulder, <a href=\"https:\/\/physio-waidfuss.ch\/angebot\/kiefergelenkstherapie\/\">TMJ Therapy<\/a>, HVT 1 and HVT 2<\/td>\n<\/tr>\n<tr>\n<td width=\"160\">2010-2016<\/td>\n<td width=\"280\">Physiotherapist,<br \/>\n<strong>Physiotherapy at the Pfauen, Zurich<\/strong><\/td>\n<\/tr>\n<tr>\n<td width=\"160\">2009<\/td>\n<td width=\"280\">SRC Recognition<\/td>\n<\/tr>\n<tr>\n<td width=\"160\">2009-2010<\/td>\n<td width=\"280\">Physiotherapist, Race support and Training Camp,<br \/>\n<strong>Cerv\u00e9lo TestTeam (professional cycling), sports physiotherapy<\/strong><\/td>\n<\/tr>\n<tr>\n<td width=\"160\">2006-2008<\/td>\n<td width=\"280\">Physiotherapist, Race support and Training Camp,<br \/>\n<strong>Team Gerolsteiner (professional cycling), sports physiotherapy<\/strong><\/td>\n<\/tr>\n<tr>\n<td width=\"160\">2008<\/td>\n<td width=\"280\">Sports physiotherapy (Klaus Eder)<\/td>\n<\/tr>\n<tr>\n<td width=\"160\">2007-2007<\/td>\n<td width=\"280\">Manual lymphatic drainage, complex physical decongestive therapy according to F\u00f6ldi<\/td>\n<\/tr>\n<tr>\n<td width=\"160\">2003-2006<\/td>\n<td width=\"280\">Physical Therapy Intern,<\/td>\n<\/tr>\n<tr>\n<td width=\"160\">2004-2006<\/td>\n<td width=\"280\">Physical Therapy Intern,<br \/>\n<strong>Municipal spa operations Bad Waldsee<\/strong><\/td>\n<\/tr>\n<tr>\n<td width=\"160\">2003<\/td>\n<td width=\"280\">Sports and gymnastics instructor, supervision of children's sports and fitness center,<br \/>\n<strong>VfL Herrenberg e.V.<\/strong><\/td>\n<\/tr>\n<tr>\n<td width=\"160\">2002-2003<\/td>\n<td width=\"280\">Community Service Worker,<br \/>\n<strong>VfL Herrenberg e.V.<br \/>\n<\/strong><\/td>\n<\/tr>\n<tr>\n<td width=\"160\">2002<\/td>\n<td width=\"280\">Sports and gymnastics instructor, supervision of children's sports and fitness center,<br \/>\n<strong>VfL Herrenberg e.V.<\/strong><\/td>\n<\/tr>\n<tr>\n<td width=\"160\">1999-2002<\/td>\n<td width=\"280\" class=\" translation-block\">Training as a sports and gymnastics teacher (Dr.Kiedaisch),<br>\nFocus on sports therapy, children's sports, seniors \/ wellness<\/td>\n<\/tr>\n<\/tbody>\n<\/table>\n<p>&nbsp;<\/p>\n<\/div>\n<\/div><\/div><\/div><\/div><\/div>","protected":false},"excerpt":{"rendered":"<p>Philipp Schr\u00f6der ist der leitende Physiotherapeut und Gr\u00fcnder der Physiotherapie Waidfuss in Z\u00fcrich, mit einem breiten Behandlungsangebot in den Bereichen der klassischen Physiotherapie, Sportphysiotherapie und spezifischen Verfahren wie Triggerpunkttherapie, Dry Needling und manueller Lymphdrainage. Seine Ausbildung und Erfahrung erstrecken sich \u00fcber viele Jahre, darunter auch die Arbeit mit professionellen Athleten, was seine Expertise besonders in [&hellip;]<\/p>\n","protected":false},"author":1,"featured_media":9318,"parent":0,"menu_order":0,"comment_status":"closed","ping_status":"closed","template":"","meta":{"_acf_changed":false,"footnotes":""},"class_list":["post-8821","page","type-page","status-publish","has-post-thumbnail","hentry"],"acf":[],"_links":{"self":[{"href":"https:\/\/physio-waidfuss.ch\/en\/wp-json\/wp\/v2\/pages\/8821","targetHints":{"allow":["GET"]}}],"collection":[{"href":"https:\/\/physio-waidfuss.ch\/en\/wp-json\/wp\/v2\/pages"}],"about":[{"href":"https:\/\/physio-waidfuss.ch\/en\/wp-json\/wp\/v2\/types\/page"}],"author":[{"embeddable":true,"href":"https:\/\/physio-waidfuss.ch\/en\/wp-json\/wp\/v2\/users\/1"}],"replies":[{"embeddable":true,"href":"https:\/\/physio-waidfuss.ch\/en\/wp-json\/wp\/v2\/comments?post=8821"}],"version-history":[{"count":7,"href":"https:\/\/physio-waidfuss.ch\/en\/wp-json\/wp\/v2\/pages\/8821\/revisions"}],"predecessor-version":[{"id":10929,"href":"https:\/\/physio-waidfuss.ch\/en\/wp-json\/wp\/v2\/pages\/8821\/revisions\/10929"}],"wp:featuredmedia":[{"embeddable":true,"href":"https:\/\/physio-waidfuss.ch\/en\/wp-json\/wp\/v2\/media\/9318"}],"wp:attachment":[{"href":"https:\/\/physio-waidfuss.ch\/en\/wp-json\/wp\/v2\/media?parent=8821"}],"curies":[{"name":"wp","href":"https:\/\/api.w.org\/{rel}","templated":true}]}}