{"id":9357,"date":"2022-11-06T10:31:34","date_gmt":"2022-11-06T10:31:34","guid":{"rendered":"https:\/\/physio-waidfuss.ch\/?page_id=9357"},"modified":"2023-04-09T15:19:48","modified_gmt":"2023-04-09T15:19:48","slug":"imprint","status":"publish","type":"page","link":"https:\/\/physio-waidfuss.ch\/en\/impressum\/","title":{"rendered":"Impressum"},"content":{"rendered":"<div id=\"pl-9357\"  class=\"panel-layout\" ><div id=\"pg-9357-0\"  class=\"panel-grid panel-no-style\" ><div id=\"pgc-9357-0-0\"  class=\"panel-grid-cell\" ><div id=\"panel-9357-0-0-0\" class=\"so-panel widget widget_sow-editor panel-first-child panel-last-child\" data-index=\"0\" ><div\n\t\t\t\n\t\t\tclass=\"so-widget-sow-editor so-widget-sow-editor-base\"\n\t\t\t\n\t\t>\n<div class=\"siteorigin-widget-tinymce textwidget\">\n\t<p><p>Physiotherapy Waidfuss<br \/>Philipp Schr\u00f6der<br \/>H\u00f6nggerstrasse 118<br \/>8037 Zurich<br \/>Switzerland<\/p>\n<p><b>Represented by:<\/b> Philipp Schr\u00f6der<\/p>\n<p><b>Contact:<\/b><br \/>Phone Number: 044 585 99 49<br \/>E-Mail: <span style=\"display: none !important;\">2SzmTMAjftG6tBG<\/span>info<span style=\"display: none !important;\">PJAUapdXvdPT7sQ<\/span>@<span style=\"display: none !important;\">HMimZ5eGOrHQiER<\/span>physio-waidfuss.ch<span style=\"display: none !important;\">AkHPhMEWWUHZu1G<\/span><\/p>\n<p><b>VAT ID:<\/b> CHE-456-358-059<\/p>\n<p><b>Responsible for the content according to \u00a7 18 paragraph 2 MStV:<\/b><br \/>Philipp Schr\u00f6der<br \/>H\u00f6nggerstrasse 118<br \/>8037 Zurich<br \/>Switzerland<\/p>\n<p><b>Disclaimer<\/b><\/p>\n<p><b>Liability for links:<\/b><br \/>Our offer contains links to external websites of third parties, on whose contents we have no influence. Therefore we cannot assume any liability for these external contents. The respective provider or operator of the sites is always responsible for the contents of the linked sites. The linked pages were checked for possible legal violations at the time of linking. Illegal contents were not identified at the time of linking. However, a permanent control of the contents of the linked pages is not reasonable without concrete evidence of a violation of the law. If we become aware of any infringements, we will remove such links immediately.<\/p>\n<p><b>Liability for content:<\/b><br \/>The contents of our pages were created with the greatest care. However, we cannot guarantee that the contents are correct, complete and up-to-date. As a service provider, we are responsible for our own content on these pages we are not obliged to monitor transmitted or stored information from third parties or to investigate circumstances that indicate illegal activity. Obligations to remove or block the use of information according to general laws remain unaffected by this. However, liability in this respect is only possible from the time of knowledge of a concrete infringement. If we become aware of any such legal infringements, we will remove the content in question immediately.<\/p>\n<p><b>Copyright<\/b><br \/>The contents and works on these pages created by the site operators are subject to German copyright law. The reproduction, editing, distribution and any kind of use outside the limits of copyright law require the written consent of the respective author or creator. Downloads and copies of these pages are only permitted for private, non-commercial use. Insofar as the content on this site was not created by the operator, the copyrights of third parties are observed. In particular, third-party content is identified as such. Should you nevertheless become aware of a copyright infringement, please inform us accordingly. If we become aware of any infringements, we will remove such contents immediately.<\/p><\/p>\n<\/div>\n<\/div><\/div><\/div><\/div><\/div>","protected":false},"excerpt":{"rendered":"<p>Physiotherapie WaidfussPhilipp Schr&ouml;derH&ouml;nggerstrasse 1188037 Z&uuml;richSchweiz Represented by: Philipp Schr&ouml;der Contact:Phone Number: 044 585 99 49E-Mail: 2SzmTMAjftG6tBGinfoPJAUapdXvdPT7sQ@HMimZ5eGOrHQiERphysio-waidfuss.chAkHPhMEWWUHZu1G UST-ID: CHE-456-358-059 Responsible for the content according to \u00a7 18 paragraph 2 MStV:Philipp Schr\u00f6derH\u00f6nggerstrasse 1188037 Z\u00fcrichSchweiz Disclaimer Liability for links:Our offer contains links to external websites of third parties, on whose contents we have no influence. Therefore we cannot [&hellip;]<\/p>\n","protected":false},"author":1,"featured_media":0,"parent":0,"menu_order":0,"comment_status":"closed","ping_status":"closed","template":"","meta":{"_acf_changed":false,"footnotes":""},"class_list":["post-9357","page","type-page","status-publish","hentry"],"acf":[],"_links":{"self":[{"href":"https:\/\/physio-waidfuss.ch\/en\/wp-json\/wp\/v2\/pages\/9357","targetHints":{"allow":["GET"]}}],"collection":[{"href":"https:\/\/physio-waidfuss.ch\/en\/wp-json\/wp\/v2\/pages"}],"about":[{"href":"https:\/\/physio-waidfuss.ch\/en\/wp-json\/wp\/v2\/types\/page"}],"author":[{"embeddable":true,"href":"https:\/\/physio-waidfuss.ch\/en\/wp-json\/wp\/v2\/users\/1"}],"replies":[{"embeddable":true,"href":"https:\/\/physio-waidfuss.ch\/en\/wp-json\/wp\/v2\/comments?post=9357"}],"version-history":[{"count":3,"href":"https:\/\/physio-waidfuss.ch\/en\/wp-json\/wp\/v2\/pages\/9357\/revisions"}],"predecessor-version":[{"id":9654,"href":"https:\/\/physio-waidfuss.ch\/en\/wp-json\/wp\/v2\/pages\/9357\/revisions\/9654"}],"wp:attachment":[{"href":"https:\/\/physio-waidfuss.ch\/en\/wp-json\/wp\/v2\/media?parent=9357"}],"curies":[{"name":"wp","href":"https:\/\/api.w.org\/{rel}","templated":true}]}}