{"id":9426,"date":"2023-01-03T16:11:20","date_gmt":"2023-01-03T16:11:20","guid":{"rendered":"https:\/\/physio-waidfuss.ch\/?page_id=9426"},"modified":"2025-02-10T06:04:15","modified_gmt":"2025-02-10T06:04:15","slug":"mobile-physiotherapy","status":"publish","type":"page","link":"https:\/\/physio-waidfuss.ch\/en\/angebot\/mobile-physiotherapie\/","title":{"rendered":"Mobile physiotherapy in Zurich Wipkingen \/ H\u00f6ngg"},"content":{"rendered":"<div id=\"pl-9426\"  class=\"panel-layout\" ><div id=\"pg-9426-0\"  class=\"panel-grid panel-no-style\" ><div id=\"pgc-9426-0-0\"  class=\"panel-grid-cell\" ><div id=\"panel-9426-0-0-0\" class=\"so-panel widget widget_sow-editor panel-first-child panel-last-child\" data-index=\"0\" ><div\n\t\t\t\n\t\t\tclass=\"so-widget-sow-editor so-widget-sow-editor-base\"\n\t\t\t\n\t\t>\n<div class=\"siteorigin-widget-tinymce textwidget\">\n\t<h2 data-pm-slice=\"1 1 []\"><strong>What is mobile physiotherapy?<\/strong><\/h2>\n<p>Mobile physiotherapy offers you professional treatment in the comfort of your own home. It is particularly suitable for people with limited mobility who cannot come to a practice or prefer therapy in their familiar surroundings.<\/p>\n<p>Our experienced physiotherapists will come to your home and create a treatment plan tailored to your individual needs. Targeted techniques and exercises are used to relieve pain, improve mobility and optimally support rehabilitation.<\/p>\n<\/div>\n<\/div><\/div><\/div><\/div><div id=\"pg-9426-1\"  class=\"panel-grid panel-no-style\" ><div id=\"pgc-9426-1-0\"  class=\"panel-grid-cell\" ><div id=\"panel-9426-1-0-0\" class=\"so-panel widget widget_sow-editor panel-first-child panel-last-child\" data-index=\"1\" ><div\n\t\t\t\n\t\t\tclass=\"so-widget-sow-editor so-widget-sow-editor-base\"\n\t\t\t\n\t\t>\n<div class=\"siteorigin-widget-tinymce textwidget\">\n\t<h2 data-pm-slice=\"1 1 []\"><strong>Where do we offer mobile physiotherapy?<\/strong><\/h2>\n<p>We operate in Zurich Wipkingen and H\u00f6ngg (district 10) and can offer flexible appointments. Our aim is to provide you with high-quality therapy that takes your individual needs into account and optimally supports your recovery.<\/p>\n<p>To make an appointment or for further information, please contact us by phone or e-mail.<\/p>\n<div><\/div>\n<div><\/div>\n<h2><strong>Why is Mobile Physioth<\/strong><strong>erapy important?<\/strong><\/h2>\n<p>Accessing physiotherapy treatment can be challenging for many people. Our mobile physiotherapy offers a solution by bringing treatment directly to you. This can be particularly helpful for:<\/p>\n<ul data-spread=\"false\">\n<li>People with acute or chronic movement restrictions<\/li>\n<li>Senior citizens who are reluctant or have difficulty traveling<\/li>\n<li>Patients in post-operative rehabilitation<\/li>\n<li>People with neurological diseases or severe health impairments<\/li>\n<\/ul>\n<p>The use of specific techniques, small devices and individually tailored therapy plans ensures effective and holistic care.<\/p>\n<div><\/div>\n<div><\/div>\n<h2><strong>What can I expect during treatment at home?<\/strong><\/h2>\n<ul data-spread=\"false\">\n<li><strong>Individual support:<\/strong> Our therapists address your specific complaints and adapt the treatment plan accordingly.<\/li>\n<li><strong>Targeted exercises:<\/strong> You will receive an exercise program that can easily be carried out at home.<\/li>\n<li><strong>Personal progress:<\/strong> Regular appointments help to make progress and achieve long-term improvements.<\/li>\n<\/ul>\n<p>Mobile physiotherapy offers you a convenient, effective and individual treatment option directly at your home.<\/p>\n<\/div>\n<\/div><\/div><\/div><\/div><div id=\"pg-9426-2\"  class=\"panel-grid panel-no-style\" ><div id=\"pgc-9426-2-0\"  class=\"panel-grid-cell\" ><div id=\"panel-9426-2-0-0\" class=\"so-panel widget widget_sow-editor panel-first-child panel-last-child\" data-index=\"2\" ><div\n\t\t\t\n\t\t\tclass=\"so-widget-sow-editor so-widget-sow-editor-base\"\n\t\t\t\n\t\t>\n<div class=\"siteorigin-widget-tinymce textwidget\">\n\t<h2>Further offer:<\/h2>\n<\/div>\n<\/div><\/div><\/div><\/div><div id=\"pg-9426-3\"  class=\"panel-grid panel-no-style\" ><div id=\"pgc-9426-3-0\"  class=\"panel-grid-cell\" ><div id=\"panel-9426-3-0-0\" class=\"so-panel widget widget_qt_feature_page widget-featured-page panel-first-child panel-last-child\" data-index=\"3\" >\n\t\t\t<div class=\"featured-page\">\n\t\t\t\t\t\t\t\t\t<div class=\"featured-page--image\">\n\t\t\t\t\t\t<a href=\"https:\/\/physio-waidfuss.ch\/en\/?page_id=307\">\n\t\t\t\t\t\t\t<img decoding=\"async\" width=\"360\" height=\"240\" src=\"https:\/\/physio-waidfuss.ch\/wp-content\/uploads\/2020\/03\/Befund_Wirbels\u00e4ule_erkl\u00e4ren_Physio_Philipp_Schr\u00f6der-360x240.jpg\" class=\"attachment-physio-qt-featured-s size-physio-qt-featured-s\" alt=\"Physiotherapy Zuerich - Physiotherapy Waidfuss Wipkingen\" srcset=\"https:\/\/physio-waidfuss.ch\/wp-content\/uploads\/2020\/03\/Befund_Wirbels\u00e4ule_erkl\u00e4ren_Physio_Philipp_Schr\u00f6der-360x240.jpg 360w, https:\/\/physio-waidfuss.ch\/wp-content\/uploads\/2020\/03\/Befund_Wirbels\u00e4ule_erkl\u00e4ren_Physio_Philipp_Schr\u00f6der-300x200.jpg 300w, https:\/\/physio-waidfuss.ch\/wp-content\/uploads\/2020\/03\/Befund_Wirbels\u00e4ule_erkl\u00e4ren_Physio_Philipp_Schr\u00f6der-1024x683.jpg 1024w, https:\/\/physio-waidfuss.ch\/wp-content\/uploads\/2020\/03\/Befund_Wirbels\u00e4ule_erkl\u00e4ren_Physio_Philipp_Schr\u00f6der-768x512.jpg 768w, https:\/\/physio-waidfuss.ch\/wp-content\/uploads\/2020\/03\/Befund_Wirbels\u00e4ule_erkl\u00e4ren_Physio_Philipp_Schr\u00f6der-1536x1024.jpg 1536w, https:\/\/physio-waidfuss.ch\/wp-content\/uploads\/2020\/03\/Befund_Wirbels\u00e4ule_erkl\u00e4ren_Physio_Philipp_Schr\u00f6der-2048x1365.jpg 2048w, https:\/\/physio-waidfuss.ch\/wp-content\/uploads\/2020\/03\/Befund_Wirbels\u00e4ule_erkl\u00e4ren_Physio_Philipp_Schr\u00f6der-850x567.jpg 850w, https:\/\/physio-waidfuss.ch\/wp-content\/uploads\/2020\/03\/Befund_Wirbels\u00e4ule_erkl\u00e4ren_Physio_Philipp_Schr\u00f6der-600x400.jpg 600w, https:\/\/physio-waidfuss.ch\/wp-content\/uploads\/2020\/03\/Befund_Wirbels\u00e4ule_erkl\u00e4ren_Physio_Philipp_Schr\u00f6der-272x182.jpg 272w\" sizes=\"(min-width: 781px) 360px, calc(100vw - 30px)\" \/>\t\t\t\t\t\t\t<div class=\"featured-page--overlay\">\n\t\t\t\t\t\t\t\t\t\t\t\t\t\t\t\t\t<div class=\"overlay--center\">\n\t\t\t\t\t\t\t\t\t\t<span>Read more<\/span>\n\t\t\t\t\t\t\t\t\t<\/div>\n\t\t\t\t\t\t\t\t\t\t\t\t\t\t\t<\/div>\n\t\t\t\t\t\t<\/a>\n\t\t\t\t\t<\/div>\n\t\t\t\t\t\t\t\t<div class=\"featured-page--content\">\n\t\t\t\t\t<h4 class=\"featued-page--title\">\n\t\t\t\t\t\t<a href=\"https:\/\/physio-waidfuss.ch\/en\/?page_id=307\">Physiotherapy Zurich<\/a>\n\t\t\t\t\t<\/h4>\n\t\t\t\t\t\t\t\t\t\t\t<p>Your personal physiotherapy begins with a comprehensive assessment of your functional limitations and areas of pain. We call this a \"diagnosis\". We determine a treatment plan,...<\/p>\n\t\t\t\t\t\t\t\t\t\t\t\t\t\t\t\t<a href=\"https:\/\/physio-waidfuss.ch\/en\/?page_id=307\" class=\"text-link\">Read more<\/a>\n\t\t\t\t\t\t\t\t\t<\/div>\n\t\t\t<\/div>\n\n\t\t\t<\/div><\/div><div id=\"pgc-9426-3-1\"  class=\"panel-grid-cell\" ><div id=\"panel-9426-3-1-0\" class=\"so-panel widget widget_qt_feature_page widget-featured-page panel-first-child panel-last-child\" data-index=\"4\" >\n\t\t\t<div class=\"featured-page\">\n\t\t\t\t\t\t\t\t\t<div class=\"featured-page--image\">\n\t\t\t\t\t\t<a href=\"https:\/\/physio-waidfuss.ch\/en\/angebot\/manuelle-therapie\/\">\n\t\t\t\t\t\t\t<img decoding=\"async\" width=\"360\" height=\"240\" src=\"https:\/\/physio-waidfuss.ch\/wp-content\/uploads\/2020\/03\/Schulter_befund_Sportphysio_Wipkingen-360x240.jpg\" class=\"attachment-physio-qt-featured-s size-physio-qt-featured-s\" alt=\"Manual Therapy Zurich - Physiotherapy Waidfuss H\u00f6ngg\" srcset=\"https:\/\/physio-waidfuss.ch\/wp-content\/uploads\/2020\/03\/Schulter_befund_Sportphysio_Wipkingen-360x240.jpg 360w, https:\/\/physio-waidfuss.ch\/wp-content\/uploads\/2020\/03\/Schulter_befund_Sportphysio_Wipkingen-300x200.jpg 300w, https:\/\/physio-waidfuss.ch\/wp-content\/uploads\/2020\/03\/Schulter_befund_Sportphysio_Wipkingen-1024x683.jpg 1024w, https:\/\/physio-waidfuss.ch\/wp-content\/uploads\/2020\/03\/Schulter_befund_Sportphysio_Wipkingen-768x513.jpg 768w, https:\/\/physio-waidfuss.ch\/wp-content\/uploads\/2020\/03\/Schulter_befund_Sportphysio_Wipkingen-1536x1025.jpg 1536w, https:\/\/physio-waidfuss.ch\/wp-content\/uploads\/2020\/03\/Schulter_befund_Sportphysio_Wipkingen-2048x1367.jpg 2048w, https:\/\/physio-waidfuss.ch\/wp-content\/uploads\/2020\/03\/Schulter_befund_Sportphysio_Wipkingen-850x567.jpg 850w, https:\/\/physio-waidfuss.ch\/wp-content\/uploads\/2020\/03\/Schulter_befund_Sportphysio_Wipkingen-600x400.jpg 600w, https:\/\/physio-waidfuss.ch\/wp-content\/uploads\/2020\/03\/Schulter_befund_Sportphysio_Wipkingen-272x182.jpg 272w, https:\/\/physio-waidfuss.ch\/wp-content\/uploads\/2020\/03\/Schulter_befund_Sportphysio_Wipkingen-scaled-e1737017281714.jpg 1200w\" sizes=\"(min-width: 781px) 360px, calc(100vw - 30px)\" \/>\t\t\t\t\t\t\t<div class=\"featured-page--overlay\">\n\t\t\t\t\t\t\t\t\t\t\t\t\t\t\t\t\t<div class=\"overlay--center\">\n\t\t\t\t\t\t\t\t\t\t<span>Read more<\/span>\n\t\t\t\t\t\t\t\t\t<\/div>\n\t\t\t\t\t\t\t\t\t\t\t\t\t\t\t<\/div>\n\t\t\t\t\t\t<\/a>\n\t\t\t\t\t<\/div>\n\t\t\t\t\t\t\t\t<div class=\"featured-page--content\">\n\t\t\t\t\t<h4 class=\"featued-page--title\">\n\t\t\t\t\t\t<a href=\"https:\/\/physio-waidfuss.ch\/en\/angebot\/manuelle-therapie\/\">Manual therapy in Zurich Wipkingen \/ H\u00f6ngg<\/a>\n\t\t\t\t\t<\/h4>\n\t\t\t\t\t\t\t\t\t\t\t<p>Manual therapy treats all functional disorders of the musculoskeletal system. Classical manual therapy was developed for the mobilization of movement...<\/p>\n\t\t\t\t\t\t\t\t\t\t\t\t\t\t\t\t<a href=\"https:\/\/physio-waidfuss.ch\/en\/angebot\/manuelle-therapie\/\" class=\"text-link\">Read more<\/a>\n\t\t\t\t\t\t\t\t\t<\/div>\n\t\t\t<\/div>\n\n\t\t\t<\/div><\/div><div id=\"pgc-9426-3-2\"  class=\"panel-grid-cell\" ><div id=\"panel-9426-3-2-0\" class=\"so-panel widget widget_qt_feature_page widget-featured-page panel-first-child panel-last-child\" data-index=\"5\" >\n\t\t\t<div class=\"featured-page\">\n\t\t\t\t\t\t\t\t\t<div class=\"featured-page--image\">\n\t\t\t\t\t\t<a href=\"https:\/\/physio-waidfuss.ch\/en\/angebot\/tape\/\">\n\t\t\t\t\t\t\t<img decoding=\"async\" width=\"360\" height=\"240\" src=\"https:\/\/physio-waidfuss.ch\/wp-content\/uploads\/2020\/03\/Kinesiotape_Physio_Wipkingen-1-360x240.jpg\" class=\"attachment-physio-qt-featured-s size-physio-qt-featured-s\" alt=\"Tape Zurich - Kinesio Taping Physiotherapy Zurich Wipkingen\" srcset=\"https:\/\/physio-waidfuss.ch\/wp-content\/uploads\/2020\/03\/Kinesiotape_Physio_Wipkingen-1-360x240.jpg 360w, https:\/\/physio-waidfuss.ch\/wp-content\/uploads\/2020\/03\/Kinesiotape_Physio_Wipkingen-1-300x200.jpg 300w, https:\/\/physio-waidfuss.ch\/wp-content\/uploads\/2020\/03\/Kinesiotape_Physio_Wipkingen-1-1024x683.jpg 1024w, https:\/\/physio-waidfuss.ch\/wp-content\/uploads\/2020\/03\/Kinesiotape_Physio_Wipkingen-1-768x512.jpg 768w, https:\/\/physio-waidfuss.ch\/wp-content\/uploads\/2020\/03\/Kinesiotape_Physio_Wipkingen-1-1536x1024.jpg 1536w, https:\/\/physio-waidfuss.ch\/wp-content\/uploads\/2020\/03\/Kinesiotape_Physio_Wipkingen-1-2048x1365.jpg 2048w, https:\/\/physio-waidfuss.ch\/wp-content\/uploads\/2020\/03\/Kinesiotape_Physio_Wipkingen-1-850x567.jpg 850w, https:\/\/physio-waidfuss.ch\/wp-content\/uploads\/2020\/03\/Kinesiotape_Physio_Wipkingen-1-600x400.jpg 600w, https:\/\/physio-waidfuss.ch\/wp-content\/uploads\/2020\/03\/Kinesiotape_Physio_Wipkingen-1-272x182.jpg 272w\" sizes=\"(min-width: 781px) 360px, calc(100vw - 30px)\" \/>\t\t\t\t\t\t\t<div class=\"featured-page--overlay\">\n\t\t\t\t\t\t\t\t\t\t\t\t\t\t\t\t\t<div class=\"overlay--center\">\n\t\t\t\t\t\t\t\t\t\t<span>Read more<\/span>\n\t\t\t\t\t\t\t\t\t<\/div>\n\t\t\t\t\t\t\t\t\t\t\t\t\t\t\t<\/div>\n\t\t\t\t\t\t<\/a>\n\t\t\t\t\t<\/div>\n\t\t\t\t\t\t\t\t<div class=\"featured-page--content\">\n\t\t\t\t\t<h4 class=\"featued-page--title\">\n\t\t\t\t\t\t<a href=\"https:\/\/physio-waidfuss.ch\/en\/angebot\/tape\/\">Tape<\/a>\n\t\t\t\t\t<\/h4>\n\t\t\t\t\t\t\t\t\t\t\t<p>Sport Tape is a supportive measure for injuries. It has an influence on the pain receptors and on the<\/p>\n\t\t\t\t\t\t\t\t\t\t\t\t\t\t\t\t<a href=\"https:\/\/physio-waidfuss.ch\/en\/angebot\/tape\/\" class=\"text-link\">Read more<\/a>\n\t\t\t\t\t\t\t\t\t<\/div>\n\t\t\t<\/div>\n\n\t\t\t<\/div><\/div><div id=\"pgc-9426-3-3\"  class=\"panel-grid-cell\" ><div id=\"panel-9426-3-3-0\" class=\"so-panel widget widget_qt_feature_page widget-featured-page panel-first-child panel-last-child\" data-index=\"6\" >\n\t\t\t<div class=\"featured-page\">\n\t\t\t\t\t\t\t\t\t<div class=\"featured-page--image\">\n\t\t\t\t\t\t<a href=\"https:\/\/physio-waidfuss.ch\/en\/angebot\/manuelle-lymphdrainage\/\">\n\t\t\t\t\t\t\t<img decoding=\"async\" width=\"360\" height=\"240\" src=\"https:\/\/physio-waidfuss.ch\/wp-content\/uploads\/2020\/03\/Manuelle_Knie_Physio_Waidfuss-360x240.jpg\" class=\"attachment-physio-qt-featured-s size-physio-qt-featured-s\" alt=\"Manual lymphatic drainage Zurich: Physiotherapy Wipkingen &amp; H\u00f6ngg\" srcset=\"https:\/\/physio-waidfuss.ch\/wp-content\/uploads\/2020\/03\/Manuelle_Knie_Physio_Waidfuss-360x240.jpg 360w, https:\/\/physio-waidfuss.ch\/wp-content\/uploads\/2020\/03\/Manuelle_Knie_Physio_Waidfuss-300x200.jpg 300w, https:\/\/physio-waidfuss.ch\/wp-content\/uploads\/2020\/03\/Manuelle_Knie_Physio_Waidfuss-1024x683.jpg 1024w, https:\/\/physio-waidfuss.ch\/wp-content\/uploads\/2020\/03\/Manuelle_Knie_Physio_Waidfuss-768x512.jpg 768w, https:\/\/physio-waidfuss.ch\/wp-content\/uploads\/2020\/03\/Manuelle_Knie_Physio_Waidfuss-1536x1024.jpg 1536w, https:\/\/physio-waidfuss.ch\/wp-content\/uploads\/2020\/03\/Manuelle_Knie_Physio_Waidfuss-2048x1365.jpg 2048w, https:\/\/physio-waidfuss.ch\/wp-content\/uploads\/2020\/03\/Manuelle_Knie_Physio_Waidfuss-850x567.jpg 850w, https:\/\/physio-waidfuss.ch\/wp-content\/uploads\/2020\/03\/Manuelle_Knie_Physio_Waidfuss-600x400.jpg 600w, https:\/\/physio-waidfuss.ch\/wp-content\/uploads\/2020\/03\/Manuelle_Knie_Physio_Waidfuss-272x182.jpg 272w\" sizes=\"(min-width: 781px) 360px, calc(100vw - 30px)\" \/>\t\t\t\t\t\t\t<div class=\"featured-page--overlay\">\n\t\t\t\t\t\t\t\t\t\t\t\t\t\t\t\t\t<div class=\"overlay--center\">\n\t\t\t\t\t\t\t\t\t\t<span>Read more<\/span>\n\t\t\t\t\t\t\t\t\t<\/div>\n\t\t\t\t\t\t\t\t\t\t\t\t\t\t\t<\/div>\n\t\t\t\t\t\t<\/a>\n\t\t\t\t\t<\/div>\n\t\t\t\t\t\t\t\t<div class=\"featured-page--content\">\n\t\t\t\t\t<h4 class=\"featued-page--title\">\n\t\t\t\t\t\t<a href=\"https:\/\/physio-waidfuss.ch\/en\/angebot\/manuelle-lymphdrainage\/\">Manual lymphatic drainage (MLD) in Zurich Wipkingen \/ H\u00f6ngg<\/a>\n\t\t\t\t\t<\/h4>\n\t\t\t\t\t\t\t\t\t\t\t<p>Manual lymphatic drainage Zurich is a physical treatment. It is particularly useful for patients with water retention in the body or with bruising after falls or with...<\/p>\n\t\t\t\t\t\t\t\t\t\t\t\t\t\t\t\t<a href=\"https:\/\/physio-waidfuss.ch\/en\/angebot\/manuelle-lymphdrainage\/\" class=\"text-link\">Read more<\/a>\n\t\t\t\t\t\t\t\t\t<\/div>\n\t\t\t<\/div>\n\n\t\t\t<\/div><\/div><\/div><\/div>","protected":false},"excerpt":{"rendered":"<p>Was ist Mobile Physiotherapie? Die Mobile Physiotherapie bietet Ihnen professionelle Behandlung in den eigenen vier W\u00e4nden. Sie eignet sich besonders f\u00fcr Menschen mit eingeschr\u00e4nkter Mobilit\u00e4t, die nicht in eine Praxis kommen k\u00f6nnen oder eine Therapie im gewohnten Umfeld bevorzugen. Unsere erfahrenen Physiotherapeut*innen kommen zu Ihnen nach Hause und erstellen einen individuell auf Ihre Bed\u00fcrfnisse abgestimmten [&hellip;]<\/p>\n","protected":false},"author":9,"featured_media":8126,"parent":110,"menu_order":0,"comment_status":"closed","ping_status":"closed","template":"","meta":{"_acf_changed":false,"footnotes":""},"class_list":["post-9426","page","type-page","status-publish","has-post-thumbnail","hentry"],"acf":[],"_links":{"self":[{"href":"https:\/\/physio-waidfuss.ch\/en\/wp-json\/wp\/v2\/pages\/9426","targetHints":{"allow":["GET"]}}],"collection":[{"href":"https:\/\/physio-waidfuss.ch\/en\/wp-json\/wp\/v2\/pages"}],"about":[{"href":"https:\/\/physio-waidfuss.ch\/en\/wp-json\/wp\/v2\/types\/page"}],"author":[{"embeddable":true,"href":"https:\/\/physio-waidfuss.ch\/en\/wp-json\/wp\/v2\/users\/9"}],"replies":[{"embeddable":true,"href":"https:\/\/physio-waidfuss.ch\/en\/wp-json\/wp\/v2\/comments?post=9426"}],"version-history":[{"count":39,"href":"https:\/\/physio-waidfuss.ch\/en\/wp-json\/wp\/v2\/pages\/9426\/revisions"}],"predecessor-version":[{"id":10767,"href":"https:\/\/physio-waidfuss.ch\/en\/wp-json\/wp\/v2\/pages\/9426\/revisions\/10767"}],"up":[{"embeddable":true,"href":"https:\/\/physio-waidfuss.ch\/en\/wp-json\/wp\/v2\/pages\/110"}],"wp:featuredmedia":[{"embeddable":true,"href":"https:\/\/physio-waidfuss.ch\/en\/wp-json\/wp\/v2\/media\/8126"}],"wp:attachment":[{"href":"https:\/\/physio-waidfuss.ch\/en\/wp-json\/wp\/v2\/media?parent=9426"}],"curies":[{"name":"wp","href":"https:\/\/api.w.org\/{rel}","templated":true}]}}