{"id":9825,"date":"2024-07-31T19:57:51","date_gmt":"2024-07-31T19:57:51","guid":{"rendered":"https:\/\/physio-waidfuss.ch\/?page_id=9825"},"modified":"2024-12-18T08:17:40","modified_gmt":"2024-12-18T08:17:40","slug":"moana-heussler-zuerich-wipkingen-and-hoengg","status":"publish","type":"page","link":"https:\/\/physio-waidfuss.ch\/en\/moana-heussler-zuerich-wipkingen-und-hoengg\/","title":{"rendered":"Moana Heussler"},"content":{"rendered":"<div id=\"pl-9825\"  class=\"panel-layout\" ><div id=\"pg-9825-0\"  class=\"panel-grid panel-no-style\" ><div id=\"pgc-9825-0-0\"  class=\"panel-grid-cell\" ><div id=\"panel-9825-0-0-0\" class=\"so-panel widget widget_sow-editor panel-first-child\" data-index=\"0\" ><div\n\t\t\t\n\t\t\tclass=\"so-widget-sow-editor so-widget-sow-editor-base\"\n\t\t\t\n\t\t>\n<div class=\"siteorigin-widget-tinymce textwidget\">\n\t<p><img decoding=\"async\" class=\"Physiotherapie Z\u00fcrich aligncenter wp-image-9845\" title=\"Physiotherapist Wipkingen\" src=\"https:\/\/physio-waidfuss.ch\/wp-content\/uploads\/2024\/08\/qhpIktlc-e1724164150212-300x235.jpeg\" alt=\"Physiotherapy Wipkingen , H\u00f6ngg, Moana Heussler \" width=\"703\" height=\"551\" srcset=\"https:\/\/physio-waidfuss.ch\/wp-content\/uploads\/2024\/08\/qhpIktlc-e1724164150212-300x235.jpeg 300w, https:\/\/physio-waidfuss.ch\/wp-content\/uploads\/2024\/08\/qhpIktlc-e1724164150212-1024x803.jpeg 1024w, https:\/\/physio-waidfuss.ch\/wp-content\/uploads\/2024\/08\/qhpIktlc-e1724164150212-768x602.jpeg 768w, https:\/\/physio-waidfuss.ch\/wp-content\/uploads\/2024\/08\/qhpIktlc-e1724164150212-1536x1204.jpeg 1536w, https:\/\/physio-waidfuss.ch\/wp-content\/uploads\/2024\/08\/qhpIktlc-e1724164150212-2048x1606.jpeg 2048w, https:\/\/physio-waidfuss.ch\/wp-content\/uploads\/2024\/08\/qhpIktlc-e1724164150212-15x12.jpeg 15w\" sizes=\"(max-width: 703px) 100vw, 703px\" \/><\/p>\n<\/div>\n<\/div><\/div><div id=\"panel-9825-0-0-1\" class=\"so-panel widget widget_sow-editor panel-last-child\" data-index=\"1\" ><div\n\t\t\t\n\t\t\tclass=\"so-widget-sow-editor so-widget-sow-editor-base\"\n\t\t\t\n\t\t><h3 class=\"widget-title\">Moana Heussler<\/h3>\n<div class=\"siteorigin-widget-tinymce textwidget\">\n\t<p>Moana Heussler is a qualified physiotherapist with a Bachelor's degree. She has extensive experience in the treatment of orthopaedic problems, particularly in the area of the lower extremities. She acquired this expertise primarily during her work at the <a href=\"https:\/\/www.balgrist.ch\" target=\"_blank\" rel=\"noopener\">Balgrist University Hospital<\/a> acquired.<\/p>\n<p>In her physiotherapy practice, Moana Heussler focuses on specific measures and uses a broad spectrum of both manual and active forms of therapy.<\/p>\n<p>Her passion lies in precisely identifying the causes of complaints and developing solutions together with her patients. Her therapy always focuses on the person as a whole and her enthusiasm for movement and the mechanisms of healing.<\/p>\n<p>&nbsp;<\/p>\n<p>&nbsp;<\/p>\n<\/div>\n<\/div><\/div><\/div><\/div><div id=\"pg-9825-1\"  class=\"panel-grid panel-no-style\" ><div id=\"pgc-9825-1-0\"  class=\"panel-grid-cell\" ><div id=\"panel-9825-1-0-0\" class=\"so-panel widget widget_sow-editor panel-first-child panel-last-child\" data-index=\"2\" ><div\n\t\t\t\n\t\t\tclass=\"so-widget-sow-editor so-widget-sow-editor-base\"\n\t\t\t\n\t\t>\n<div class=\"siteorigin-widget-tinymce textwidget\">\n\t<p><span style=\"color: #56afd5; font-size: 14px;\"><strong>Vita and qualifications<\/strong><\/span><\/p>\n<table style=\"height: 436px;\" width=\"1065\">\n<tbody>\n<tr>\n<td width=\"126\"><span style=\"font-size: 14px;\">since Aug. 2024<\/span><\/td>\n<td width=\"334\"><span style=\"font-size: 14px;\">Physicaltherapist,<\/span><br \/>\n<a href=\"https:\/\/physio-waidfuss.ch\"><span style=\"font-size: 14px;\"><strong>Physiotherapy Waidfuss Zurich<\/strong><\/span><\/a><\/td>\n<\/tr>\n<tr>\n<td width=\"126\"><span style=\"font-size: 14px;\">2021-2024<\/span><\/td>\n<td width=\"334\"><span style=\"font-size: 14px;\">Physicaltherapist,<\/span><br \/>\n<span style=\"font-size: 14px;\"><strong>Balgrist University Hospital Zurich<\/strong><\/span><\/td>\n<\/tr>\n<tr>\n<td width=\"126\"><span style=\"font-size: 14px;\">2024<\/span><\/td>\n<td width=\"334\"><span style=\"font-size: 14px;\">200h Yoga Teacher Training<\/span><\/td>\n<\/tr>\n<tr>\n<td width=\"126\"><span style=\"font-size: 14px;\">2022-2023<\/span><\/td>\n<td width=\"334\"><span style=\"font-size: 14px;\">Maitland Course Level 1<\/span><\/td>\n<\/tr>\n<tr>\n<td width=\"126\"><span style=\"font-size: 14px;\">2021<\/span><\/td>\n<td width=\"334\"><span style=\"font-size: 14px;\">GLA:D Osteoarthritis<\/span><\/td>\n<\/tr>\n<tr>\n<td width=\"126\"><span style=\"font-size: 14px;\">2017-2021<\/span><\/td>\n<td width=\"334\"><span style=\"font-size: 14px;\">Studied to become a physiotherapist,<\/span><br \/>\n<span style=\"font-size: 14px;\"><strong>ZHAW Winterthur<\/strong><\/span><\/td>\n<\/tr>\n<\/tbody>\n<\/table>\n<\/div>\n<\/div><\/div><\/div><\/div><\/div>","protected":false},"excerpt":{"rendered":"<p>Moana Heussler ist eine diplomierte Physiotherapeutin mit einem Bachelor-Abschluss. Sie verf\u00fcgt \u00fcber umfassende Erfahrung in der Behandlung orthop\u00e4discher Probleme, insbesondere im Bereich der unteren Extremit\u00e4ten. Dieses Fachwissen hat sie vor allem w\u00e4hrend ihrer T\u00e4tigkeit an der Universit\u00e4tsklinik Balgrist erworben. In ihrer physiotherapeutischen Praxis setzt Moana Heussler auf spezifische Ma\u00dfnahmen und nutzt ein breites Spektrum sowohl [&hellip;]<\/p>\n","protected":false},"author":9,"featured_media":9845,"parent":0,"menu_order":0,"comment_status":"closed","ping_status":"closed","template":"","meta":{"_acf_changed":false,"footnotes":""},"class_list":["post-9825","page","type-page","status-publish","has-post-thumbnail","hentry"],"acf":[],"_links":{"self":[{"href":"https:\/\/physio-waidfuss.ch\/en\/wp-json\/wp\/v2\/pages\/9825","targetHints":{"allow":["GET"]}}],"collection":[{"href":"https:\/\/physio-waidfuss.ch\/en\/wp-json\/wp\/v2\/pages"}],"about":[{"href":"https:\/\/physio-waidfuss.ch\/en\/wp-json\/wp\/v2\/types\/page"}],"author":[{"embeddable":true,"href":"https:\/\/physio-waidfuss.ch\/en\/wp-json\/wp\/v2\/users\/9"}],"replies":[{"embeddable":true,"href":"https:\/\/physio-waidfuss.ch\/en\/wp-json\/wp\/v2\/comments?post=9825"}],"version-history":[{"count":15,"href":"https:\/\/physio-waidfuss.ch\/en\/wp-json\/wp\/v2\/pages\/9825\/revisions"}],"predecessor-version":[{"id":10247,"href":"https:\/\/physio-waidfuss.ch\/en\/wp-json\/wp\/v2\/pages\/9825\/revisions\/10247"}],"wp:featuredmedia":[{"embeddable":true,"href":"https:\/\/physio-waidfuss.ch\/en\/wp-json\/wp\/v2\/media\/9845"}],"wp:attachment":[{"href":"https:\/\/physio-waidfuss.ch\/en\/wp-json\/wp\/v2\/media?parent=9825"}],"curies":[{"name":"wp","href":"https:\/\/api.w.org\/{rel}","templated":true}]}}